{"id":28,"date":"2018-10-23T10:08:34","date_gmt":"2018-10-23T10:08:34","guid":{"rendered":"http:\/\/localhost\/themes\/Pro\/Trek\/Website_WP\/index.php\/events\/"},"modified":"2025-11-26T11:58:03","modified_gmt":"2025-11-26T10:58:03","slug":"eventos","status":"publish","type":"page","link":"https:\/\/terranatur.es\/web\/eventos\/","title":{"rendered":"Eventos"},"content":{"rendered":"<div>\n<h1>Haciendo equipo en la naturaleza<\/h1>\n<p>Actividades para Empresas<\/p>\n<p><a href=\"https:\/\/terranatur.es\/web\/teambuilding-empresas\/\">Ampliar Informaci\u00f3n<\/a><\/p>\n<\/div>\n<div>\n<h1>Yincana Rotativa. 4&#215;4, Bicicleta El\u00e9ctrica y Geocaching a pie.<\/h1>\n<p>Viajes de Incentivo. Equipos numerosos.<\/p>\n<p><a href=\"https:\/\/terranatur.es\/web\/yincana-rotativa-4x4-bicicleta-electrica-geocaching\/\">Ampliar Informaci\u00f3n<\/a><\/p>\n<\/div>\n<div>\n<h1>Marruecos. Raid de las Almas Libres<\/h1>\n<p>Viajes de Incentivo<\/p>\n<p><a href=\"https:\/\/terranatur.es\/web\/viaje-de-incentivo-4x4-raid-de-las-almas-libres\/\">Ampliar Informaci\u00f3n<\/a><\/p>\n<\/div>\n<div>\n<h1>Teambuilding en la ribera del duero<\/h1>\n<p>Yincana 4&#215;4<\/p>\n<p><a href=\"https:\/\/terranatur.es\/web\/yincana-4x4-teambuilding-en-la-ribera-del-duero\/\">Ampliar informaci\u00f3n<\/a><\/p>\n<\/div>\n<div>\n<h1>COCINA COLABORATIVA AL AIRE LIBRE<\/h1>\n<p>GEOCHEF<\/p>\n<p><a href=\"https:\/\/terranatur.es\/web\/teambuiling-geochef\/\">AMPLIAR INFORMACI\u00d3N<\/a><\/p>\n<\/div>\n<div>\n<h1>GEOCACHING POR EQUIPOS <\/h1>\n<p>GEOBOX<\/p>\n<p><a href=\"https:\/\/terranatur.es\/web\/geobox-geocaching-equipos\/\">AMPLIAR INFORMACI\u00d3N<\/a><\/p>\n<\/div>\n<div>\n<h1>EQUIPOS DE ALTO RENDIMIENTO<\/h1>\n<p>SUPERVIVENCIA<\/p>\n<p><a href=\"https:\/\/terranatur.es\/web\/supervivientes-teambuilding-training-para-equipos-de-alto-rendimiento\/\">AMPLIAR INFORMACI\u00d3N<\/a><\/p>\n<\/div>\n<div>\n<h1>Del escorial a la silla de Felipe II<\/h1>\n<p>Geocaching<\/p>\n<p><a href=\"https:\/\/terranatur.es\/web\/geocaching-a-la-silla-de-felipe-ii-desde-el-escorial\/\">AMPLIAR INFORMACI\u00d3N<\/a><\/p>\n<\/div>\n<p><!--more--><br \/>\n<!-- {\"type\":\"layout\",\"children\":[{\"name\":\"Event 00\",\"type\":\"section\",\"props\":{\"height\":\"viewport\",\"height_offset_top\":true,\"image\":\"https:\\\/\\\/terranatur.es\\\/web\\\/wp-content\\\/uploads\\\/Yincana_IMG-20190506-WA0154.jpg\",\"image_effect\":\"parallax\",\"image_parallax_bgy\":\"-200,0\",\"image_parallax_easing\":\"1\",\"image_position\":\"center-center\",\"image_size\":\"cover\",\"image_width\":\"2560\",\"overlap\":false,\"padding\":\"xlarge\",\"style\":\"default\",\"title_breakpoint\":\"xl\",\"title_position\":\"top-left\",\"title_rotation\":\"left\",\"vertical_align\":\"middle\",\"width\":\"\"},\"children\":[{\"type\":\"row\",\"props\":{\"width\":\"small\"},\"children\":[{\"type\":\"column\",\"props\":{\"image_position\":\"center-center\",\"image_width\":\"820\",\"position_sticky_breakpoint\":\"m\",\"vertical_align\":\"middle\",\"width_medium\":\"1-1\"},\"children\":[{\"type\":\"panel\",\"props\":{\"block_align\":\"center\",\"class\":\"tm-box-decoration-primary tm-box-decoration-inverse\",\"content_column_breakpoint\":\"m\",\"css\":\".el-element::before { display: block; }\",\"icon_width\":80,\"image_align\":\"top\",\"image_grid_breakpoint\":\"m\",\"image_grid_width\":\"1-2\",\"image_svg_color\":\"emphasis\",\"link\":\"https:\\\/\\\/terranatur.es\\\/web\\\/teambuilding-empresas\\\/\",\"link_margin\":\"medium\",\"link_style\":\"text\",\"link_text\":\"Ampliar Informaci\\u00f3n\",\"margin\":\"default\",\"maxwidth\":\"2xlarge\",\"meta\":\"Actividades para Empresas\",\"meta_align\":\"above-title\",\"meta_element\":\"div\",\"meta_style\":\"h4\",\"panel_padding\":\"small\",\"panel_style\":\"card-default\",\"text_align\":\"center\",\"title\":\"Haciendo equipo en la naturaleza\",\"title_align\":\"top\",\"title_element\":\"h1\",\"title_grid_breakpoint\":\"m\",\"title_grid_width\":\"1-2\",\"title_hover_style\":\"reset\",\"title_style\":\"h1\"}}]}]}]},{\"name\":\"Event 07\",\"type\":\"section\",\"props\":{\"height\":\"viewport\",\"height_offset_top\":true,\"image\":\"wp-content\\\/uploads\\\/4x4-EBTT-senderista.png\",\"image_effect\":\"parallax\",\"image_parallax_bgy\":\"-200,0\",\"image_parallax_easing\":\"1\",\"image_position\":\"center-center\",\"image_size\":\"cover\",\"image_width\":\"2560\",\"overlap\":false,\"padding\":\"xlarge\",\"style\":\"default\",\"title_breakpoint\":\"xl\",\"title_position\":\"top-left\",\"title_rotation\":\"left\",\"vertical_align\":\"middle\",\"width\":\"\"},\"children\":[{\"type\":\"row\",\"props\":{\"width\":\"small\"},\"children\":[{\"type\":\"column\",\"props\":{\"image_position\":\"center-center\",\"image_width\":\"820\",\"position_sticky_breakpoint\":\"m\",\"vertical_align\":\"middle\",\"width_medium\":\"1-1\"},\"children\":[{\"type\":\"panel\",\"props\":{\"block_align\":\"center\",\"class\":\"tm-box-decoration-primary tm-box-decoration-inverse\",\"content_column_breakpoint\":\"m\",\"css\":\".el-element::before { display: block; }\",\"icon_width\":80,\"image_align\":\"top\",\"image_grid_breakpoint\":\"m\",\"image_grid_width\":\"1-2\",\"image_svg_color\":\"emphasis\",\"link\":\"https:\\\/\\\/terranatur.es\\\/web\\\/yincana-rotativa-4x4-bicicleta-electrica-geocaching\\\/\",\"link_margin\":\"medium\",\"link_style\":\"text\",\"link_text\":\"Ampliar Informaci\\u00f3n\",\"margin\":\"default\",\"maxwidth\":\"2xlarge\",\"meta\":\"Viajes de Incentivo. Equipos numerosos.\",\"meta_align\":\"above-title\",\"meta_element\":\"div\",\"meta_style\":\"h4\",\"panel_padding\":\"small\",\"panel_style\":\"card-default\",\"text_align\":\"center\",\"title\":\"Yincana Rotativa. 4x4, Bicicleta El\\u00e9ctrica y Geocaching a pie.\",\"title_align\":\"top\",\"title_element\":\"h1\",\"title_grid_breakpoint\":\"m\",\"title_grid_width\":\"1-2\",\"title_hover_style\":\"reset\",\"title_style\":\"h1\"}}]}]}]},{\"name\":\"Event 01\",\"type\":\"section\",\"props\":{\"height\":\"viewport\",\"height_offset_top\":true,\"image\":\"wp-content\\\/uploads\\\/Raid_almas_libres_1.jpg\",\"image_effect\":\"parallax\",\"image_parallax_bgy\":\"-200,0\",\"image_parallax_easing\":\"1\",\"image_position\":\"center-center\",\"image_size\":\"cover\",\"image_width\":\"2560\",\"overlap\":false,\"padding\":\"xlarge\",\"style\":\"default\",\"title_breakpoint\":\"xl\",\"title_position\":\"top-left\",\"title_rotation\":\"left\",\"vertical_align\":\"middle\",\"width\":\"\"},\"children\":[{\"type\":\"row\",\"props\":{\"width\":\"small\"},\"children\":[{\"type\":\"column\",\"props\":{\"image_position\":\"center-center\",\"image_width\":\"820\",\"position_sticky_breakpoint\":\"m\",\"vertical_align\":\"middle\",\"width_medium\":\"1-1\"},\"children\":[{\"type\":\"panel\",\"props\":{\"block_align\":\"center\",\"class\":\"tm-box-decoration-primary tm-box-decoration-inverse\",\"content_column_breakpoint\":\"m\",\"css\":\".el-element::before { display: block; }\",\"icon_width\":80,\"image_align\":\"top\",\"image_grid_breakpoint\":\"m\",\"image_grid_width\":\"1-2\",\"image_svg_color\":\"emphasis\",\"link\":\"https:\\\/\\\/terranatur.es\\\/web\\\/viaje-de-incentivo-4x4-raid-de-las-almas-libres\\\/\",\"link_margin\":\"medium\",\"link_style\":\"text\",\"link_text\":\"Ampliar Informaci\\u00f3n\",\"margin\":\"default\",\"maxwidth\":\"2xlarge\",\"meta\":\"Viajes de Incentivo\",\"meta_align\":\"above-title\",\"meta_element\":\"div\",\"meta_style\":\"h4\",\"panel_padding\":\"small\",\"panel_style\":\"card-default\",\"text_align\":\"center\",\"title\":\"Marruecos. Raid de las Almas Libres\",\"title_align\":\"top\",\"title_element\":\"h1\",\"title_grid_breakpoint\":\"m\",\"title_grid_width\":\"1-2\",\"title_hover_style\":\"reset\",\"title_style\":\"h1\"}}]}]}]},{\"name\":\"Event 02\",\"type\":\"section\",\"props\":{\"height\":\"viewport\",\"image\":\"https:\\\/\\\/terranatur.es\\\/web\\\/wp-content\\\/uploads\\\/Todo_Terreno_MG_7915-scaled.jpg\",\"image_effect\":\"parallax\",\"image_parallax_bgy\":\"-200,0\",\"image_parallax_easing\":\"1\",\"image_position\":\"center-center\",\"image_size\":\"cover\",\"image_width\":\"2560\",\"overlap\":false,\"padding\":\"xlarge\",\"style\":\"default\",\"title_breakpoint\":\"xl\",\"title_position\":\"top-left\",\"title_rotation\":\"left\",\"vertical_align\":\"middle\",\"width\":\"\"},\"children\":[{\"type\":\"row\",\"props\":{\"width\":\"small\"},\"children\":[{\"type\":\"column\",\"props\":{\"image_position\":\"center-center\",\"image_width\":\"820\",\"position_sticky_breakpoint\":\"m\",\"vertical_align\":\"middle\",\"width_medium\":\"1-1\"},\"children\":[{\"type\":\"panel\",\"props\":{\"block_align\":\"center\",\"class\":\"tm-box-decoration-primary tm-box-decoration-inverse\",\"content_column_breakpoint\":\"m\",\"css\":\".el-element::before { display: block; }\",\"icon_width\":80,\"image_align\":\"top\",\"image_grid_breakpoint\":\"m\",\"image_grid_width\":\"1-2\",\"image_svg_color\":\"emphasis\",\"link\":\"https:\\\/\\\/terranatur.es\\\/web\\\/yincana-4x4-teambuilding-en-la-ribera-del-duero\\\/\",\"link_margin\":\"medium\",\"link_style\":\"text\",\"link_text\":\"Ampliar informaci\\u00f3n\",\"margin\":\"default\",\"maxwidth\":\"2xlarge\",\"meta\":\"Yincana 4x4\",\"meta_align\":\"above-title\",\"meta_element\":\"div\",\"meta_style\":\"h4\",\"panel_padding\":\"small\",\"panel_style\":\"card-default\",\"text_align\":\"center\",\"title\":\"Teambuilding en la ribera del duero\",\"title_align\":\"top\",\"title_element\":\"h1\",\"title_grid_breakpoint\":\"m\",\"title_grid_width\":\"1-2\",\"title_hover_style\":\"reset\",\"title_style\":\"h1\"}}]}]}]},{\"name\":\"Event 03\",\"type\":\"section\",\"props\":{\"height\":\"viewport\",\"image\":\"https:\\\/\\\/terranatur.es\\\/web\\\/wp-content\\\/uploads\\\/geochef-2450-08.jpg\",\"image_effect\":\"parallax\",\"image_parallax_bgy\":\"-200,0\",\"image_parallax_easing\":\"1\",\"image_position\":\"center-center\",\"image_size\":\"cover\",\"image_width\":\"2560\",\"overlap\":false,\"padding\":\"xlarge\",\"style\":\"default\",\"title_breakpoint\":\"xl\",\"title_position\":\"top-left\",\"title_rotation\":\"left\",\"vertical_align\":\"middle\",\"width\":\"\"},\"children\":[{\"type\":\"row\",\"props\":{\"width\":\"small\"},\"children\":[{\"type\":\"column\",\"props\":{\"image_position\":\"center-center\",\"image_width\":\"820\",\"position_sticky_breakpoint\":\"m\",\"vertical_align\":\"middle\",\"width_medium\":\"1-1\"},\"children\":[{\"type\":\"panel\",\"props\":{\"block_align\":\"center\",\"class\":\"tm-box-decoration-primary tm-box-decoration-inverse\",\"content_column_breakpoint\":\"m\",\"css\":\".el-element::before { display: block; }\",\"icon_width\":80,\"image_align\":\"top\",\"image_grid_breakpoint\":\"m\",\"image_grid_width\":\"1-2\",\"image_svg_color\":\"emphasis\",\"link\":\"https:\\\/\\\/terranatur.es\\\/web\\\/teambuiling-geochef\\\/\",\"link_margin\":\"medium\",\"link_style\":\"text\",\"link_text\":\"AMPLIAR INFORMACI\\u00d3N\",\"margin\":\"default\",\"maxwidth\":\"2xlarge\",\"meta\":\"GEOCHEF\",\"meta_align\":\"above-title\",\"meta_element\":\"div\",\"meta_style\":\"h4\",\"panel_padding\":\"small\",\"panel_style\":\"card-default\",\"text_align\":\"center\",\"title\":\"COCINA COLABORATIVA AL AIRE LIBRE\",\"title_align\":\"top\",\"title_element\":\"h1\",\"title_grid_breakpoint\":\"m\",\"title_grid_width\":\"1-2\",\"title_hover_style\":\"reset\",\"title_style\":\"h1\"}}]}]}]},{\"name\":\"Event 04\",\"type\":\"section\",\"props\":{\"height\":\"viewport\",\"image\":\"https:\\\/\\\/terranatur.es\\\/web\\\/wp-content\\\/uploads\\\/GeoBox_Izquierda.jpeg\",\"image_effect\":\"parallax\",\"image_parallax_bgy\":\"-200,0\",\"image_parallax_easing\":\"1\",\"image_position\":\"center-center\",\"image_size\":\"cover\",\"image_width\":\"2560\",\"overlap\":false,\"padding\":\"xlarge\",\"style\":\"default\",\"title_breakpoint\":\"xl\",\"title_position\":\"top-left\",\"title_rotation\":\"left\",\"vertical_align\":\"middle\",\"width\":\"\"},\"children\":[{\"type\":\"row\",\"props\":{\"width\":\"small\"},\"children\":[{\"type\":\"column\",\"props\":{\"image_position\":\"center-center\",\"image_width\":\"820\",\"position_sticky_breakpoint\":\"m\",\"vertical_align\":\"middle\",\"width_medium\":\"1-1\"},\"children\":[{\"type\":\"panel\",\"props\":{\"block_align\":\"center\",\"class\":\"tm-box-decoration-primary tm-box-decoration-inverse\",\"content_column_breakpoint\":\"m\",\"css\":\".el-element::before { display: block; }\",\"icon_width\":80,\"image_align\":\"top\",\"image_grid_breakpoint\":\"m\",\"image_grid_width\":\"1-2\",\"image_svg_color\":\"emphasis\",\"link\":\"https:\\\/\\\/terranatur.es\\\/web\\\/geobox-geocaching-equipos\\\/\",\"link_margin\":\"medium\",\"link_style\":\"text\",\"link_text\":\"AMPLIAR INFORMACI\\u00d3N\",\"margin\":\"default\",\"maxwidth\":\"2xlarge\",\"meta\":\"GEOBOX\",\"meta_align\":\"above-title\",\"meta_element\":\"div\",\"meta_style\":\"h4\",\"panel_padding\":\"small\",\"panel_style\":\"card-default\",\"text_align\":\"center\",\"title\":\"GEOCACHING POR EQUIPOS \",\"title_align\":\"top\",\"title_element\":\"h1\",\"title_grid_breakpoint\":\"m\",\"title_grid_width\":\"1-2\",\"title_hover_style\":\"reset\",\"title_style\":\"h1\"}}]}]}]},{\"name\":\"Event 05\",\"type\":\"section\",\"props\":{\"height\":\"viewport\",\"image\":\"https:\\\/\\\/terranatur.es\\\/web\\\/wp-content\\\/uploads\\\/fondo-bushcraft.jpg\",\"image_effect\":\"parallax\",\"image_parallax_bgy\":\"-200,0\",\"image_parallax_easing\":\"1\",\"image_position\":\"center-center\",\"image_size\":\"cover\",\"image_width\":\"2560\",\"overlap\":false,\"padding\":\"xlarge\",\"style\":\"default\",\"title_breakpoint\":\"xl\",\"title_position\":\"top-left\",\"title_rotation\":\"left\",\"vertical_align\":\"middle\",\"width\":\"\"},\"children\":[{\"type\":\"row\",\"props\":{\"width\":\"small\"},\"children\":[{\"type\":\"column\",\"props\":{\"image_position\":\"center-center\",\"image_width\":\"820\",\"position_sticky_breakpoint\":\"m\",\"vertical_align\":\"middle\",\"width_medium\":\"1-1\"},\"children\":[{\"type\":\"panel\",\"props\":{\"block_align\":\"center\",\"class\":\"tm-box-decoration-primary tm-box-decoration-inverse\",\"content_column_breakpoint\":\"m\",\"css\":\".el-element::before { display: block; }\",\"icon_width\":80,\"image_align\":\"top\",\"image_grid_breakpoint\":\"m\",\"image_grid_width\":\"1-2\",\"image_svg_color\":\"emphasis\",\"link\":\"https:\\\/\\\/terranatur.es\\\/web\\\/supervivientes-teambuilding-training-para-equipos-de-alto-rendimiento\\\/\",\"link_margin\":\"medium\",\"link_style\":\"text\",\"link_text\":\"AMPLIAR INFORMACI\\u00d3N\",\"margin\":\"default\",\"maxwidth\":\"2xlarge\",\"meta\":\"SUPERVIVENCIA\",\"meta_align\":\"above-title\",\"meta_element\":\"div\",\"meta_style\":\"h4\",\"panel_padding\":\"small\",\"panel_style\":\"card-default\",\"text_align\":\"center\",\"title\":\"EQUIPOS DE ALTO RENDIMIENTO\",\"title_align\":\"top\",\"title_element\":\"h1\",\"title_grid_breakpoint\":\"m\",\"title_grid_width\":\"1-2\",\"title_hover_style\":\"reset\",\"title_style\":\"h1\"}}]}]}]},{\"name\":\"Event 06\",\"type\":\"section\",\"props\":{\"height\":\"viewport\",\"image\":\"wp-content\\\/uploads\\\/El_Escorial_Silla_Felipe_II.webp\",\"image_effect\":\"parallax\",\"image_parallax_bgy\":\"-200,0\",\"image_parallax_easing\":\"1\",\"image_position\":\"center-center\",\"image_size\":\"cover\",\"image_width\":\"2560\",\"overlap\":false,\"padding\":\"xlarge\",\"style\":\"default\",\"title_breakpoint\":\"xl\",\"title_position\":\"top-left\",\"title_rotation\":\"left\",\"vertical_align\":\"middle\",\"width\":\"\"},\"children\":[{\"type\":\"row\",\"props\":{\"width\":\"small\"},\"children\":[{\"type\":\"column\",\"props\":{\"image_position\":\"center-center\",\"image_width\":\"820\",\"position_sticky_breakpoint\":\"m\",\"vertical_align\":\"middle\",\"width_medium\":\"1-1\"},\"children\":[{\"type\":\"panel\",\"props\":{\"block_align\":\"center\",\"class\":\"tm-box-decoration-primary tm-box-decoration-inverse\",\"content_column_breakpoint\":\"m\",\"css\":\".el-element::before { display: block; }\",\"icon_width\":80,\"image_align\":\"top\",\"image_grid_breakpoint\":\"m\",\"image_grid_width\":\"1-2\",\"image_svg_color\":\"emphasis\",\"link\":\"https:\\\/\\\/terranatur.es\\\/web\\\/geocaching-a-la-silla-de-felipe-ii-desde-el-escorial\\\/\",\"link_margin\":\"medium\",\"link_style\":\"text\",\"link_text\":\"AMPLIAR INFORMACI\\u00d3N\",\"margin\":\"default\",\"maxwidth\":\"2xlarge\",\"meta\":\"Geocaching\",\"meta_align\":\"above-title\",\"meta_element\":\"div\",\"meta_style\":\"h4\",\"panel_padding\":\"small\",\"panel_style\":\"card-default\",\"text_align\":\"center\",\"title\":\"Del escorial a la silla de Felipe II\",\"title_align\":\"top\",\"title_element\":\"h1\",\"title_grid_breakpoint\":\"m\",\"title_grid_width\":\"1-2\",\"title_hover_style\":\"reset\",\"title_style\":\"h1\"}}]}]}]}],\"version\":\"4.5.32\"} --><\/p>\n","protected":false},"excerpt":{"rendered":"<p>Haciendo equipo en la naturaleza Actividades para Empresas Ampliar Informaci\u00f3n Yincana Rotativa. 4&#215;4, Bicicleta El\u00e9ctrica y Geocaching a pie. Viajes de Incentivo. Equipos numerosos. Ampliar Informaci\u00f3n Marruecos. Raid de las Almas Libres Viajes de Incentivo Ampliar Informaci\u00f3n Teambuilding en la ribera del duero Yincana 4&#215;4 Ampliar informaci\u00f3n COCINA COLABORATIVA AL AIRE LIBRE GEOCHEF AMPLIAR INFORMACI\u00d3N [&hellip;]<\/p>\n","protected":false},"author":1,"featured_media":0,"parent":0,"menu_order":3,"comment_status":"closed","ping_status":"closed","template":"","meta":{"footnotes":""},"class_list":["post-28","page","type-page","status-publish","hentry"],"_links":{"self":[{"href":"https:\/\/terranatur.es\/web\/wp-json\/wp\/v2\/pages\/28","targetHints":{"allow":["GET"]}}],"collection":[{"href":"https:\/\/terranatur.es\/web\/wp-json\/wp\/v2\/pages"}],"about":[{"href":"https:\/\/terranatur.es\/web\/wp-json\/wp\/v2\/types\/page"}],"author":[{"embeddable":true,"href":"https:\/\/terranatur.es\/web\/wp-json\/wp\/v2\/users\/1"}],"replies":[{"embeddable":true,"href":"https:\/\/terranatur.es\/web\/wp-json\/wp\/v2\/comments?post=28"}],"version-history":[{"count":10,"href":"https:\/\/terranatur.es\/web\/wp-json\/wp\/v2\/pages\/28\/revisions"}],"predecessor-version":[{"id":14988,"href":"https:\/\/terranatur.es\/web\/wp-json\/wp\/v2\/pages\/28\/revisions\/14988"}],"wp:attachment":[{"href":"https:\/\/terranatur.es\/web\/wp-json\/wp\/v2\/media?parent=28"}],"curies":[{"name":"wp","href":"https:\/\/api.w.org\/{rel}","templated":true}]}}