{"id":3105,"date":"2025-09-23T09:52:10","date_gmt":"2025-09-23T07:52:10","guid":{"rendered":"https:\/\/terranatur.es\/web\/?page_id=3105"},"modified":"2025-09-23T09:52:10","modified_gmt":"2025-09-23T07:52:10","slug":"ruta-botanica-urbana-atocha-retiro-madrid","status":"publish","type":"page","link":"https:\/\/terranatur.es\/web\/ruta-botanica-urbana-atocha-retiro-madrid\/","title":{"rendered":"De la selva a los bosques del norte"},"content":{"rendered":"<div>RUTA BOT\u00c1NICA URBANA EN MADRID<\/div>\n<h1>DE LA SELVA A LOS BOSQUES DEL NORTE<\/h1>\n<p><p>\n        <a href=\"#map\">Desc\u00fabrelas<\/a>\n    <\/p>\n<\/p>\n<p><img decoding=\"async\" src=\"\/web\/wp-content\/uploads\/1240-selva-a-bosques-del-norte-01.jpg\" alt=\"\"><\/p>\n<div>\n<h2>COMPRENDE LOS BOSQUES DEL MUNDO SIN SALIR DE TU CIUDAD<\/h2>\n<div>\n<p>GRUPO M\u00cdNIMO: 5 personas.\u00a0<\/p>\n<p>Un paseo por la ciudad en el que, aprovechando la flora urbana disponible, explicamos como son los grandes bosques desde el ecuador hasta el norte de Europa, todo ello sin salir del centro de Madrid.<\/p>\n<p>Pensada para individuos, parejas, familias, amigos o grupos con inter\u00e9s por los grandes ecosistemas boscosos que quieran empezar a iniciarse en la bot\u00e1nica de manera diferente.\u00a0<\/p>\n<p>Seguro que conoces a alguien que ama las plantas. \u00bfY si le haces este regalo tan especial?\u00a0 \u00a0 \u00a0 \u00a0 Disponible tarjeta regalo personalizable al comprar la actividad.<\/p>\n<p>\u00a1Bot\u00e1nica para todos!<\/p>\n<\/p>\n<div class=\"uk-child-width-1-2 uk-grid-large\" uk-grid=\"\">\n<div class=\"uk-grid-collapse uk-child-width-1-2@s uk-margin-bottom\" uk-grid=\"\">\n<div style=\"max-width: 80px;\"><img decoding=\"async\" src=\"\/web\/wp-content\/uploads\/trans-alps-about-icon-01.svg\" alt=\"\" uk-svg=\"\" \/><\/div>\n<div class=\"uk-flex uk-flex-center uk-flex-middle\" style=\"max-width: 80px;\">\n<div class=\"uk-h6\">2 km<\/div>\n<\/div>\n<\/div>\n<div class=\"uk-grid-collapse uk-child-width-1-2@s uk-margin-bottom\" uk-grid=\"\">\n<div style=\"max-width: 80px;\"><img decoding=\"async\" src=\"\/web\/wp-content\/uploads\/trans-alps-about-icon-02.svg\" alt=\"\" uk-svg=\"\" \/><\/div>\n<div class=\"uk-flex uk-flex-center uk-flex-middle\" style=\"max-width: 80px;\">\n<div class=\"uk-h6\">DE 10 A 13 horas<\/div>\n<\/div>\n<\/div>\n<div class=\"uk-grid-collapse uk-child-width-1-2@s uk-margin-bottom\" uk-grid=\"\">\n<div style=\"max-width: 80px;\"><img decoding=\"async\" src=\"\/web\/wp-content\/uploads\/trans-alps-about-icon-03.svg\" alt=\"\" uk-svg=\"\" \/><\/div>\n<div class=\"uk-flex uk-flex-center uk-flex-middle\" style=\"max-width: 80px;\">\n<div class=\"uk-h6\">Llano<\/div>\n<\/div>\n<\/div>\n<div class=\"uk-grid-collapse uk-child-width-1-2@s uk-margin-bottom\" uk-grid=\"\">\n<div style=\"max-width: 80px;\"><img decoding=\"async\" src=\"\/web\/wp-content\/uploads\/trans-alps-about-icon-04.svg\" alt=\"\" uk-svg=\"\" \/><\/div>\n<div class=\"uk-flex uk-flex-center uk-flex-middle\" style=\"max-width: 80px;\">\n<div class=\"uk-h6\">F\u00e1cil<\/div>\n<\/div>\n<\/div>\n<\/div>\n<\/div>\n<\/div>\n<ul>\n<li>\n<p>        <img decoding=\"async\" src=\"\/web\/wp-content\/uploads\/1240-selva-a-bosques-del-norte-07.jpg\" alt=\"\"><\/p>\n<\/li>\n<li>\n<p>        <img decoding=\"async\" src=\"\/web\/wp-content\/uploads\/1240-selva-a-bosques-del-norte-06.jpg\" alt=\"\"><\/p>\n<\/li>\n<li>\n<p>        <img decoding=\"async\" src=\"\/web\/wp-content\/uploads\/1240-selva-a-bosques-del-norte-03.jpg\" alt=\"\"><\/p>\n<\/li>\n<li>\n<p>        <img decoding=\"async\" src=\"\/web\/wp-content\/uploads\/1240-selva-a-bosques-del-norte-08.jpg\" alt=\"\"><\/p>\n<\/li>\n<\/ul>\n<div>Ruta bot\u00e1nica Estaci\u00f3n de Atocha &amp; Parque Retiro<\/div>\n<h2>\u00bfen qu\u00e9 consiste?<\/h2>\n<div>\n<p>Queremos que imagines un viaje desde la selva tropical hasta los grandes bosques de con\u00edferas del norte de Europa. Al ir explicando c\u00f3mo es el clima en cada una de estas grandes regiones, podremos ver la manera en que las especies arb\u00f3reas m\u00e1s importantes se han adaptado para sobrevivir, y prosperar en las distintas \u00e1reas en las que viven.<\/p>\n<\/div>\n<blockquote>\n<p>&#8220;Muchas son las lecciones que se pueden extraer del estudio de las plantas, si se procura el verdadero esp\u00edritu de la sabidur\u00eda&#8221;<\/p>\n<footer>\n<p>                <cite>John Hutton Balfour (1808-1884)<\/cite><\/p>\n<\/footer>\n<\/blockquote>\n<div>BOT\u00c1NICA URBANA PARA TODOS<\/div>\n<h2>\n<p>LOCALIZACI\u00d3N DE<\/p>\n<p>&#8220;LAS SELVAS Y LOS BOSQUES&#8221;<\/p>\n<\/h2>\n<ul>\n<li>\n<p>40.4059,-3.6903<\/p>\n<\/li>\n<li>\n<p>40.4111,-3.6826<\/p>\n<\/li>\n<\/ul>\n<p><img decoding=\"async\" src=\"\/web\/wp-content\/uploads\/1240-selva-a-bosques-del-norte-05.jpg\" alt=\"\"><\/p>\n<h3>DATOS PR\u00c1CTICOS<\/h3>\n<div>\n<h4>PRECIO DE LA ACTIVIDAD:<\/h4>\n<ul>\n<li>Adultos: 65 \u20ac (IVA incluido)<\/li>\n<li>Ni\u00f1os (menores de 12 a\u00f1os): 18 \u20ac (IVA incluido)<\/li>\n<\/ul>\n<\/div>\n<ul>\n<li>\n<h3>\u00bfQue incluye?<\/h3>\n<div>\n<ul>\n<li>Explicaciones por una bi\u00f3loga, doctora en bot\u00e1nica.<\/li>\n<li>Dossier digital sobre la actividad.<\/li>\n<li>Pr\u00e1ctica de macrofotograf\u00eda con tu m\u00f3vil.<\/li>\n<li>Env\u00edo de foto de grupo.<\/li>\n<li>Seguro de responsabilidad civil.<\/li>\n<li>Opcional: solicita tu men\u00fa tipo picnic al comprar la actividad (+ 11 \u20ac por persona).<\/li>\n<\/ul>\n<\/div>\n<\/li>\n<li>\n<h3>\u00bfQue te recomendamos llevar?<\/h3>\n<div>\n<p>Seg\u00fan la \u00e9poca del a\u00f1o:<\/p>\n<ul>\n<li>Calzado c\u00f3modo para ciudad.<\/li>\n<li>Chubasquero o paraguas seg\u00fan el tiempo.<\/li>\n<li>Crema de sol y gorro seg\u00fan el tiempo.<\/li>\n<li>M\u00f3vil y c\u00e1mara de fotos.<\/li>\n<li>Cuaderno y l\u00e1piz.<\/li>\n<li>Agua y algo de picar.<\/li>\n<\/ul>\n<\/div>\n<\/li>\n<\/ul>\n<p><p>\n        <a href=\"https:\/\/api.whatsapp.com\/send?phone=+616542646&#038;text=Hola,%20me%20interesa%20la%20actividad%20%22de%20la%20Selva%20a%20los%20Bosques%20del%20Norte%22\">SOLICITAR FECHA<\/a>\n    <\/p>\n<\/p>\n<p><!--more--><br \/>\n<!-- {\"type\":\"layout\",\"children\":[{\"name\":\"Hero\",\"type\":\"section\",\"props\":{\"height\":\"viewport\",\"height_offset_top\":true,\"image\":\"wp-content\\\/uploads\\\/2000-selva-a-bosques-del-norte-03.jpg\",\"image_effect\":\"parallax\",\"image_parallax_bgy\":\"-200,0\",\"image_parallax_breakpoint\":\"m\",\"image_parallax_easing\":\"1\",\"image_position\":\"top-center\",\"image_size\":\"cover\",\"image_width\":\"2560\",\"overlap\":true,\"padding\":\"large\",\"style\":\"default\",\"text_color\":\"light\",\"title_breakpoint\":\"xl\",\"title_position\":\"top-left\",\"title_rotation\":\"left\",\"vertical_align\":\"middle\",\"width\":\"large\"},\"children\":[{\"type\":\"row\",\"children\":[{\"type\":\"column\",\"props\":{\"image_position\":\"center-center\",\"position_sticky_breakpoint\":\"m\",\"width_medium\":\"1-1\"},\"children\":[{\"type\":\"headline\",\"props\":{\"content\":\"RUTA BOT\\u00c1NICA URBANA EN MADRID\",\"title_color\":\"background\",\"title_element\":\"div\",\"title_style\":\"h3\"}},{\"type\":\"headline\",\"props\":{\"content\":\"DE LA SELVA A LOS BOSQUES DEL NORTE\",\"margin_remove_top\":true,\"maxwidth\":\"2xlarge\",\"title_element\":\"h1\",\"title_style\":\"heading-xlarge\"}},{\"type\":\"text\",\"props\":{\"column_breakpoint\":\"m\",\"content\":\"\",\"margin\":\"remove-vertical\",\"maxwidth\":\"large\",\"text_color\":\"danger\",\"text_style\":\"lead\"}},{\"type\":\"button\",\"props\":{\"grid_column_gap\":\"small\",\"grid_row_gap\":\"small\",\"margin\":\"default\"},\"children\":[{\"type\":\"button_item\",\"props\":{\"button_style\":\"text\",\"content\":\"Desc\\u00fabrelas\",\"dialog_layout\":\"modal\",\"dialog_offcanvas_flip\":true,\"icon_align\":\"left\",\"link\":\"#map\"}}]}]}]}]},{\"name\":\"CAJA FOTO + LETRERO SOMBREIMPRESO\",\"type\":\"section\",\"props\":{\"image_position\":\"center-center\",\"overlap\":false,\"padding\":\"none\",\"padding_remove_bottom\":false,\"padding_remove_top\":false,\"style\":\"default\",\"title\":\"Domina tu moto de trail\",\"title_breakpoint\":\"xl\",\"title_position\":\"center-right\",\"title_rotation\":\"left\",\"vertical_align\":\"\",\"width\":\"xlarge\"},\"children\":[{\"type\":\"row\",\"props\":{\"column_gap\":\"collapse\",\"layout\":\"1-2,1-2\",\"row_gap\":\"collapse\"},\"children\":[{\"type\":\"column\",\"props\":{\"image_position\":\"center-center\",\"position_sticky_breakpoint\":\"m\",\"vertical_align\":\"middle\",\"width_medium\":\"1-2\"},\"children\":[{\"type\":\"image\",\"props\":{\"animation\":\"parallax\",\"block_align\":\"right\",\"image\":\"wp-content\\\/uploads\\\/1240-selva-a-bosques-del-norte-01.jpg\",\"image_box_decoration\":\"default\",\"image_svg_color\":\"emphasis\",\"image_width\":\"600\",\"margin\":\"default\",\"maxwidth\":\"xlarge\",\"parallax_breakpoint\":\"m\",\"parallax_easing\":\"1\",\"parallax_y\":\"-100,-240\",\"text_align\":\"right\",\"visibility\":\"m\"}}]},{\"type\":\"column\",\"props\":{\"image_position\":\"center-center\",\"position_sticky_breakpoint\":\"m\",\"width_medium\":\"1-2\"},\"children\":[{\"type\":\"panel\",\"props\":{\"animation\":\"parallax\",\"content\":\"\n\n<p>GRUPO M\\u00cdNIMO: 5 personas.\\u00a0<\\\/p>\\n\n\n<p>Un paseo por la ciudad en el que, aprovechando la flora urbana disponible, explicamos como son los grandes bosques desde el ecuador hasta el norte de Europa, todo ello sin salir del centro de Madrid.<\\\/p>\\n\n\n<p>Pensada para individuos, parejas, familias, amigos o grupos con inter\\u00e9s por los grandes ecosistemas boscosos que quieran empezar a iniciarse en la bot\\u00e1nica de manera diferente.\\u00a0<\\\/p>\\n\n\n<p>Seguro que conoces a alguien que ama las plantas. \\u00bfY si le haces este regalo tan especial?\\u00a0 \\u00a0 \\u00a0 \\u00a0 Disponible tarjeta regalo personalizable al comprar la actividad.<\\\/p>\\n\n\n<p>\\u00a1Bot\\u00e1nica para todos!<\\\/p>\\n\n\n<p><\\\/p>\\n\n\n<div class=\\\"uk-child-width-1-2 uk-grid-large\\\" uk-grid=\\\"\\\">\\n\n\n<div class=\\\"uk-grid-collapse uk-child-width-1-2@s uk-margin-bottom\\\" uk-grid=\\\"\\\">\\n\n\n<div style=\\\"max-width: 80px;\\\"><img src=\\\"wp-content\\\/uploads\\\/trans-alps-about-icon-01.svg\\\" alt=\\\"\\\" uk-svg=\\\"\\\" \\\/><\\\/div>\\n\n\n<div class=\\\"uk-flex uk-flex-center uk-flex-middle\\\" style=\\\"max-width: 80px;\\\">\\n\n\n<div class=\\\"uk-h6\\\">2 km<\\\/div>\\n<\\\/div>\\n<\\\/div>\\n\n\n<div class=\\\"uk-grid-collapse uk-child-width-1-2@s uk-margin-bottom\\\" uk-grid=\\\"\\\">\\n\n\n<div style=\\\"max-width: 80px;\\\"><img src=\\\"wp-content\\\/uploads\\\/trans-alps-about-icon-02.svg\\\" alt=\\\"\\\" uk-svg=\\\"\\\" \\\/><\\\/div>\\n\n\n<div class=\\\"uk-flex uk-flex-center uk-flex-middle\\\" style=\\\"max-width: 80px;\\\">\\n\n\n<div class=\\\"uk-h6\\\">DE 10 A 13 horas<\\\/div>\\n<\\\/div>\\n<\\\/div>\\n\n\n<div class=\\\"uk-grid-collapse uk-child-width-1-2@s uk-margin-bottom\\\" uk-grid=\\\"\\\">\\n\n\n<div style=\\\"max-width: 80px;\\\"><img src=\\\"wp-content\\\/uploads\\\/trans-alps-about-icon-03.svg\\\" alt=\\\"\\\" uk-svg=\\\"\\\" \\\/><\\\/div>\\n\n\n<div class=\\\"uk-flex uk-flex-center uk-flex-middle\\\" style=\\\"max-width: 80px;\\\">\\n\n\n<div class=\\\"uk-h6\\\">Llano<\\\/div>\\n<\\\/div>\\n<\\\/div>\\n\n\n<div class=\\\"uk-grid-collapse uk-child-width-1-2@s uk-margin-bottom\\\" uk-grid=\\\"\\\">\\n\n\n<div style=\\\"max-width: 80px;\\\"><img src=\\\"wp-content\\\/uploads\\\/trans-alps-about-icon-04.svg\\\" alt=\\\"\\\" uk-svg=\\\"\\\" \\\/><\\\/div>\\n\n\n<div class=\\\"uk-flex uk-flex-center uk-flex-middle\\\" style=\\\"max-width: 80px;\\\">\\n\n\n<div class=\\\"uk-h6\\\">F\\u00e1cil<\\\/div>\\n<\\\/div>\\n<\\\/div>\\n<\\\/div>\",\"content_column_breakpoint\":\"m\",\"css\":\"@media (max-width: 959px) {\\n    .el-element { position: static !important; }\\n}\",\"icon_width\":80,\"image_align\":\"top\",\"image_grid_breakpoint\":\"m\",\"image_grid_width\":\"1-2\",\"image_svg_color\":\"emphasis\",\"link_style\":\"default\",\"link_text\":\"Read more\",\"margin\":\"\",\"maxwidth\":\"xlarge\",\"maxwidth_breakpoint\":\"l\",\"meta\":\"\",\"meta_align\":\"below-title\",\"meta_element\":\"div\",\"meta_style\":\"text-meta\",\"panel_padding\":\"large\",\"panel_style\":\"card-default\",\"parallax_breakpoint\":\"m\",\"parallax_easing\":\"1\",\"parallax_y\":\"-200,0\",\"position\":\"relative\",\"position_left\":\"-50\",\"text_align\":\"left\",\"title\":\"COMPRENDE LOS BOSQUES DEL MUNDO SIN SALIR DE TU CIUDAD\",\"title_align\":\"top\",\"title_element\":\"h2\",\"title_grid_breakpoint\":\"m\",\"title_grid_width\":\"1-2\",\"title_hover_style\":\"reset\",\"title_style\":\"h1\"}}]}]}]},{\"name\":\"Highlights\",\"type\":\"section\",\"props\":{\"image_position\":\"center-center\",\"padding\":\"large\",\"padding_remove_bottom\":false,\"padding_remove_top\":false,\"style\":\"default\",\"title\":\"Rutas & aventura\",\"title_breakpoint\":\"xl\",\"title_position\":\"center-left\",\"title_rotation\":\"left\",\"vertical_align\":\"\",\"width\":\"xlarge\",\"width_expand\":\"right\"},\"children\":[{\"type\":\"row\",\"props\":{\"column_gap\":\"large\",\"layout\":\"1-2,1-2\",\"row_gap\":\"large\"},\"children\":[{\"type\":\"column\",\"props\":{\"image_position\":\"center-center\",\"position_sticky_breakpoint\":\"m\",\"vertical_align\":\"middle\",\"width_large\":\"1-2\"},\"children\":[{\"type\":\"slideshow\",\"props\":{\"animation\":\"parallax\",\"container_padding_remove\":true,\"image_width\":\"1250\",\"link_style\":\"default\",\"link_text\":\"Read more\",\"margin\":\"default\",\"meta_align\":\"below-title\",\"meta_element\":\"div\",\"meta_style\":\"text-meta\",\"nav\":\"\",\"nav_align\":\"center\",\"nav_breakpoint\":\"\",\"nav_position\":\"bottom-center\",\"nav_position_margin\":\"large\",\"overlay_animation\":\"parallax\",\"overlay_position\":\"center-left\",\"parallax_breakpoint\":\"m\",\"parallax_easing\":\"1\",\"parallax_y\":\"50,-150\",\"show_content\":true,\"show_link\":true,\"show_meta\":true,\"show_thumbnail\":true,\"show_title\":true,\"slidenav\":\"\",\"slidenav_breakpoint\":\"s\",\"slidenav_margin\":\"medium\",\"slidenav_outside_breakpoint\":\"xl\",\"slideshow_animation\":\"fade\",\"slideshow_autoplay\":true,\"slideshow_autoplay_interval\":\"3\",\"slideshow_autoplay_pause\":true,\"slideshow_box_decoration\":\"mask\",\"slideshow_min_height\":300,\"slideshow_ratio\":\"16:11\",\"thumbnav_height\":\"65\",\"thumbnav_nowrap\":true,\"thumbnav_svg_color\":\"emphasis\",\"thumbnav_width\":\"100\",\"title_element\":\"h3\",\"title_hover_style\":\"reset\"},\"children\":[{\"type\":\"slideshow_item\",\"props\":{\"image\":\"wp-content\\\/uploads\\\/1240-selva-a-bosques-del-norte-07.jpg\"}},{\"type\":\"slideshow_item\",\"props\":{\"image\":\"wp-content\\\/uploads\\\/1240-selva-a-bosques-del-norte-06.jpg\"}},{\"type\":\"slideshow_item\",\"props\":{\"image\":\"wp-content\\\/uploads\\\/1240-selva-a-bosques-del-norte-03.jpg\"}},{\"type\":\"slideshow_item\",\"props\":{\"image\":\"wp-content\\\/uploads\\\/1240-selva-a-bosques-del-norte-08.jpg\"}}]}]},{\"type\":\"column\",\"props\":{\"image_position\":\"center-center\",\"order_first\":\"l\",\"position_sticky_breakpoint\":\"m\",\"vertical_align\":\"middle\",\"width_large\":\"1-2\"},\"children\":[{\"type\":\"headline\",\"props\":{\"animation\":\"parallax\",\"block_align\":\"center\",\"content\":\"Ruta bot\\u00e1nica Estaci\\u00f3n de Atocha &amp; Parque Retiro\",\"maxwidth\":\"xlarge\",\"maxwidth_breakpoint\":\"l\",\"parallax_breakpoint\":\"m\",\"parallax_easing\":\"1\",\"parallax_y\":\"50,-150\",\"title_color\":\"primary\",\"title_element\":\"div\",\"title_style\":\"h4\"}},{\"type\":\"headline\",\"props\":{\"animation\":\"parallax\",\"block_align\":\"center\",\"content\":\"\\u00bfen qu\\u00e9 consiste?\",\"margin_remove_top\":true,\"maxwidth\":\"xlarge\",\"maxwidth_breakpoint\":\"l\",\"parallax_breakpoint\":\"m\",\"parallax_easing\":\"1\",\"parallax_y\":\"50,-150\",\"title_element\":\"h2\",\"title_style\":\"heading-large\"}},{\"type\":\"text\",\"props\":{\"animation\":\"parallax\",\"block_align\":\"center\",\"column_breakpoint\":\"m\",\"content\":\"\n\n<p>Queremos que imagines un viaje desde la selva tropical hasta los grandes bosques de con\\u00edferas del norte de Europa. Al ir explicando c\\u00f3mo es el clima en cada una de estas grandes regiones, podremos ver la manera en que las especies arb\\u00f3reas m\\u00e1s importantes se han adaptado para sobrevivir, y prosperar en las distintas \\u00e1reas en las que viven.<\\\/p>\",\"margin\":\"medium\",\"maxwidth\":\"xlarge\",\"maxwidth_breakpoint\":\"l\",\"parallax_breakpoint\":\"m\",\"parallax_easing\":\"1\",\"parallax_y\":\"50,-150\"}},{\"type\":\"quotation\",\"props\":{\"animation\":\"parallax\",\"author\":\"John Hutton Balfour (1808-1884)\",\"block_align\":\"center\",\"content\":\"\n\n<p>\\\"Muchas son las lecciones que se pueden extraer del estudio de las plantas, si se procura el verdadero esp\\u00edritu de la sabidur\\u00eda\\\"<\\\/p>\",\"maxwidth\":\"xlarge\",\"maxwidth_breakpoint\":\"l\",\"parallax_breakpoint\":\"m\",\"parallax_easing\":\"1\",\"parallax_y\":\"50,-150\"}}]}]}]},{\"name\":\"Map\",\"type\":\"section\",\"props\":{\"id\":\"map\",\"image_position\":\"center-center\",\"overlap\":false,\"padding_remove_bottom\":true,\"padding_remove_top\":false,\"style\":\"default\",\"title_breakpoint\":\"xl\",\"title_position\":\"top-left\",\"title_rotation\":\"left\",\"vertical_align\":\"\",\"width\":\"\"},\"children\":[{\"type\":\"row\",\"props\":{\"margin\":\"remove-vertical\",\"width\":\"large\"},\"children\":[{\"type\":\"column\",\"props\":{\"css\":\"@media (min-width: 960px) {\\n    \\n    .el-column { z-index: 2; }\\n    \\n}\",\"image_position\":\"center-center\",\"position_sticky_breakpoint\":\"m\",\"width_medium\":\"1-1\"},\"children\":[{\"type\":\"headline\",\"props\":{\"content\":\"BOT\\u00c1NICA URBANA PARA TODOS\",\"text_align\":\"center\",\"title_color\":\"primary\",\"title_element\":\"div\",\"title_style\":\"h4\"}},{\"type\":\"headline\",\"props\":{\"content\":\"\n\n<p>LOCALIZACI\\u00d3N DE<\\\/p>\\n\n\n<p>\\\"LAS SELVAS Y LOS BOSQUES\\\"<\\\/p>\",\"margin\":\"medium\",\"text_align\":\"center\",\"title_element\":\"h2\",\"title_style\":\"heading-large\"}}]}]},{\"type\":\"row\",\"props\":{\"margin\":\"default\",\"margin_remove_bottom\":false},\"children\":[{\"type\":\"column\",\"props\":{\"image_position\":\"center-center\",\"position_sticky_breakpoint\":\"m\",\"width_medium\":\"1-1\"},\"children\":[{\"type\":\"map\",\"props\":{\"animation\":\"parallax\",\"controls\":true,\"dragging\":false,\"height\":\"500\",\"image_svg_color\":\"emphasis\",\"link_style\":\"default\",\"link_text\":\"Read more\",\"margin\":\"\",\"max_zoom\":18,\"meta_align\":\"below-title\",\"meta_element\":\"div\",\"meta_style\":\"text-meta\",\"min_zoom\":0,\"parallax_breakpoint\":\"m\",\"parallax_easing\":\"1\",\"parallax_y\":\"-80,-40\",\"poi\":false,\"show_content\":true,\"show_image\":true,\"show_link\":true,\"show_meta\":true,\"show_title\":true,\"styler_lightness\":\"50\",\"styler_saturation\":\"-100\",\"title_element\":\"h3\",\"title_hover_style\":\"reset\",\"type\":\"roadmap\",\"zoom\":15,\"zooming\":true},\"children\":[{\"type\":\"map_item\",\"props\":{\"location\":\"40.4059,-3.6903\"}},{\"type\":\"map_item\",\"props\":{\"location\":\"40.4111,-3.6826\"}}]}]}]}]},{\"name\":\"Journal\",\"type\":\"section\",\"props\":{\"image_position\":\"center-center\",\"padding\":\"none\",\"style\":\"default\",\"title_breakpoint\":\"xl\",\"title_position\":\"top-left\",\"title_rotation\":\"left\",\"vertical_align\":\"\",\"width\":\"xlarge\",\"width_expand\":\"left\",\"width_expand_left\":true,\"width_expand_padding_remove\":true},\"children\":[{\"type\":\"row\",\"props\":{\"divider\":false,\"layout\":\"1-2,1-2\"},\"children\":[{\"type\":\"column\",\"props\":{\"image_position\":\"center-center\",\"position_sticky_breakpoint\":\"m\",\"width_large\":\"1-2\"},\"children\":[{\"type\":\"image\",\"props\":{\"animation\":\"parallax\",\"container_padding_remove\":true,\"image\":\"wp-content\\\/uploads\\\/1240-selva-a-bosques-del-norte-05.jpg\",\"image_box_decoration\":\"mask\",\"image_svg_color\":\"emphasis\",\"image_width\":\"1250\",\"margin\":\"default\",\"parallax_breakpoint\":\"m\",\"parallax_easing\":\"1\",\"parallax_y\":\"50,-150\"}}]},{\"type\":\"column\",\"props\":{\"image_position\":\"center-center\",\"position_sticky_breakpoint\":\"m\",\"vertical_align\":\"middle\",\"width_large\":\"1-2\"},\"children\":[{\"type\":\"headline\",\"props\":{\"animation\":\"parallax\",\"block_align\":\"center\",\"content\":\"DATOS PR\\u00c1CTICOS\",\"maxwidth\":\"xlarge\",\"maxwidth_breakpoint\":\"l\",\"parallax_breakpoint\":\"m\",\"parallax_easing\":\"1\",\"parallax_y\":\"50,-150\",\"title_element\":\"h3\",\"title_style\":\"h1\"}},{\"type\":\"text\",\"props\":{\"animation\":\"parallax\",\"block_align\":\"center\",\"column_breakpoint\":\"m\",\"content\":\"\n\n<h4>PRECIO DE LA ACTIVIDAD:<\\\/h4>\\n\n\n<ul>\\n\n\n<li>Adultos: 65 \\u20ac (IVA incluido)<\\\/li>\\n\n\n<li>Ni\\u00f1os (menores de 12 a\\u00f1os): 18 \\u20ac (IVA incluido)<\\\/li>\\n<\\\/ul>\",\"margin\":\"medium\",\"maxwidth\":\"xlarge\",\"maxwidth_breakpoint\":\"l\",\"parallax_breakpoint\":\"m\",\"parallax_easing\":\"1\",\"parallax_y\":\"50,-150\"}},{\"type\":\"accordion\",\"props\":{\"collapsible\":true,\"content_column_breakpoint\":\"m\",\"image_align\":\"top\",\"image_grid_breakpoint\":\"m\",\"image_grid_width\":\"1-2\",\"image_svg_color\":\"emphasis\",\"link_style\":\"default\",\"link_text\":\"Read more\",\"show_image\":true,\"show_link\":true},\"children\":[{\"type\":\"accordion_item\",\"props\":{\"content\":\"\n\n<ul>\\n\n\n<li>Explicaciones por una bi\\u00f3loga, doctora en bot\\u00e1nica.<\\\/li>\\n\n\n<li>Dossier digital sobre la actividad.<\\\/li>\\n\n\n<li>Pr\\u00e1ctica de macrofotograf\\u00eda con tu m\\u00f3vil.<\\\/li>\\n\n\n<li>Env\\u00edo de foto de grupo.<\\\/li>\\n\n\n<li>Seguro de responsabilidad civil.<\\\/li>\\n\n\n<li>Opcional: solicita tu men\\u00fa tipo picnic al comprar la actividad (+ 11 \\u20ac por persona).<\\\/li>\\n<\\\/ul>\",\"title\":\"\\u00bfQue incluye?\"}},{\"type\":\"accordion_item\",\"props\":{\"content\":\"\n\n<p>Seg\\u00fan la \\u00e9poca del a\\u00f1o:<\\\/p>\\n\n\n<ul>\\n\n\n<li>Calzado c\\u00f3modo para ciudad.<\\\/li>\\n\n\n<li>Chubasquero o paraguas seg\\u00fan el tiempo.<\\\/li>\\n\n\n<li>Crema de sol y gorro seg\\u00fan el tiempo.<\\\/li>\\n\n\n<li>M\\u00f3vil y c\\u00e1mara de fotos.<\\\/li>\\n\n\n<li>Cuaderno y l\\u00e1piz.<\\\/li>\\n\n\n<li>Agua y algo de picar.<\\\/li>\\n<\\\/ul>\",\"title\":\"\\u00bfQue te recomendamos llevar?\"}}]}]}]}]},{\"type\":\"section\",\"props\":{\"image_position\":\"center-center\",\"style\":\"default\",\"title_breakpoint\":\"xl\",\"title_position\":\"top-left\",\"title_rotation\":\"left\",\"vertical_align\":\"\",\"width\":\"default\"},\"children\":[{\"type\":\"row\",\"children\":[{\"type\":\"column\",\"props\":{\"image_position\":\"center-center\",\"position_sticky_breakpoint\":\"m\",\"width_medium\":\"1-1\"},\"children\":[{\"type\":\"button\",\"props\":{\"button_size\":\"large\",\"grid_column_gap\":\"small\",\"grid_row_gap\":\"small\",\"margin\":\"default\",\"maxwidth\":\"medium\",\"position\":\"relative\",\"text_align\":\"center\"},\"children\":[{\"type\":\"button_item\",\"props\":{\"button_style\":\"default\",\"content\":\"SOLICITAR FECHA\",\"dialog_layout\":\"modal\",\"dialog_offcanvas_flip\":true,\"icon_align\":\"left\",\"link\":\"https:\\\/\\\/api.whatsapp.com\\\/send?phone=+616542646&text=Hola,%20me%20interesa%20la%20actividad%20%22de%20la%20Selva%20a%20los%20Bosques%20del%20Norte%22\"}}]}]}]}]}],\"version\":\"4.5.28\"} --><\/p>\n","protected":false},"excerpt":{"rendered":"<p>RUTA BOT\u00c1NICA URBANA EN MADRID DE LA SELVA A LOS BOSQUES DEL NORTE Desc\u00fabrelas COMPRENDE LOS BOSQUES DEL MUNDO SIN SALIR DE TU CIUDAD GRUPO M\u00cdNIMO: 5 personas.\u00a0 Un paseo por la ciudad en el que, aprovechando la flora urbana disponible, explicamos como son los grandes bosques desde el ecuador hasta el norte de Europa, [&hellip;]<\/p>\n","protected":false},"author":4,"featured_media":0,"parent":0,"menu_order":4,"comment_status":"closed","ping_status":"closed","template":"","meta":{"footnotes":""},"class_list":["post-3105","page","type-page","status-publish","hentry"],"_links":{"self":[{"href":"https:\/\/terranatur.es\/web\/wp-json\/wp\/v2\/pages\/3105","targetHints":{"allow":["GET"]}}],"collection":[{"href":"https:\/\/terranatur.es\/web\/wp-json\/wp\/v2\/pages"}],"about":[{"href":"https:\/\/terranatur.es\/web\/wp-json\/wp\/v2\/types\/page"}],"author":[{"embeddable":true,"href":"https:\/\/terranatur.es\/web\/wp-json\/wp\/v2\/users\/4"}],"replies":[{"embeddable":true,"href":"https:\/\/terranatur.es\/web\/wp-json\/wp\/v2\/comments?post=3105"}],"version-history":[{"count":3,"href":"https:\/\/terranatur.es\/web\/wp-json\/wp\/v2\/pages\/3105\/revisions"}],"predecessor-version":[{"id":14430,"href":"https:\/\/terranatur.es\/web\/wp-json\/wp\/v2\/pages\/3105\/revisions\/14430"}],"wp:attachment":[{"href":"https:\/\/terranatur.es\/web\/wp-json\/wp\/v2\/media?parent=3105"}],"curies":[{"name":"wp","href":"https:\/\/api.w.org\/{rel}","templated":true}]}}