{"id":4808,"date":"2021-01-09T19:59:48","date_gmt":"2021-01-09T18:59:48","guid":{"rendered":"https:\/\/terranatur.es\/web\/?page_id=4808"},"modified":"2024-11-06T08:27:36","modified_gmt":"2024-11-06T07:27:36","slug":"grupos-de-ayuda-4x4-y-rescate-informacion-telefonos-de-emergencia","status":"publish","type":"page","link":"https:\/\/terranatur.es\/web\/grupos-de-ayuda-4x4-y-rescate-informacion-telefonos-de-emergencia\/","title":{"rendered":"GRUPOS DE AYUDA Y  RESCATE 4X4"},"content":{"rendered":"\n<h1 class=\"wp-block-heading\">SOS 4X4<\/h1>\n\n\n\n<h2 class=\"wp-block-heading\" id=\"h-grupos-voluntarios-sos-4x4-rescate-listas-de-telegram\"><strong>SOS4x4<\/strong> es un grupo de voluntarios que se organiza para ofrecer ayuda en situaciones de emergencia, especialmente en casos de desastres naturales como inundaciones. Este colectivo utiliza veh\u00edculos todoterreno para acceder a zonas que son dif\u00edciles de alcanzar por otros medios debido a las condiciones adversas del terreno. Su principal actividad es el transporte y la log\u00edstica, ayudando a trasladar personas, suministros y equipos a \u00e1reas afectadas.<\/h2>\n\n\n\n<h3 class=\"wp-block-heading\">Actividades Principales de SOS4x4<\/h3>\n\n\n\n<ul class=\"wp-block-list\">\n<li><strong>Transporte de Personas y Suministros<\/strong>: Utilizan sus veh\u00edculos todoterreno para evacuar a personas atrapadas y llevar suministros esenciales a las zonas m\u00e1s afectadas.<\/li>\n\n\n\n<li><strong>Apoyo Log\u00edstico<\/strong>: Colaboran con otras organizaciones y servicios de emergencia para coordinar esfuerzos y maximizar la eficacia de las operaciones de rescate.<\/li>\n\n\n\n<li><strong>Acceso a Zonas Inaccesibles<\/strong>: Gracias a sus veh\u00edculos especializados, pueden acceder a \u00e1reas que son inaccesibles para otros tipos de transporte, asegurando que la ayuda llegue donde m\u00e1s se necesita.<\/li>\n<\/ul>\n\n\n\n<p>SOS4x4 es un ejemplo de c\u00f3mo la comunidad puede organizarse r\u00e1pidamente para proporcionar asistencia eficaz en situaciones cr\u00edticas, utilizando recursos personales y habilidades espec\u00edficas para apoyar los esfuerzos de emergencia.<\/p>\n\n\n\n<p><\/p>\n\n\n\n<p>LISTA COMPLETA DE GRUPOS SOS4X4 RESCATE:<\/p>\n\n\n\n<p>&#x1f198; GRUPOS DE RESCATE (por zona geogr\u00e1fica):&#x1f447;<\/p>\n\n\n\n<ul class=\"wp-block-list\">\n<li>ESPA\u00d1A: (<a href=\"https:\/\/t.me\/SOS4x4_NACIONAL\">https:\/\/t.me\/SOS4x4_NACIONAL<\/a>)<\/li>\n\n\n\n<li>Andalucia: (<a href=\"https:\/\/t.me\/SOS4X4RESCATE_andalucia\">https:\/\/t.me\/SOS4X4RESCATE_andalucia<\/a>)<\/li>\n\n\n\n<li>Andorra y Pirineos:<br>(<a href=\"https:\/\/t.me\/SOS4x4RESCATE_andorra\">https:\/\/t.me\/SOS4x4RESCATE_andorra<\/a>)<\/li>\n\n\n\n<li>Arag\u00f3n:<br>(<a href=\"https:\/\/t.me\/SOS4X4RESCATE_aragon\">https:\/\/t.me\/SOS4X4RESCATE_aragon<\/a>)<\/li>\n\n\n\n<li>Asturias:<br>(<a href=\"https:\/\/t.me\/SOS4XRESCATE_asturias\">https:\/\/t.me\/SOS4XRESCATE_asturias<\/a>)<\/li>\n\n\n\n<li>Baleares:<br>(<a href=\"https:\/\/t.me\/SOS4X4RESCATE_baleares\">https:\/\/t.me\/SOS4X4RESCATE_baleares<\/a>)<\/li>\n\n\n\n<li>Canarias:<br>(<a href=\"https:\/\/t.me\/SOS4X4RESCATE_canarias\">https:\/\/t.me\/SOS4X4RESCATE_canarias<\/a>)<\/li>\n\n\n\n<li>Cantabria:<br>(<a href=\"https:\/\/t.me\/SOS4X4RESCATE_cantabria\">https:\/\/t.me\/SOS4X4RESCATE_cantabria<\/a>)<\/li>\n\n\n\n<li>Castilla La Mancha:<br>(<a href=\"https:\/\/t.me\/SOS4X4RESCATE_clm\">https:\/\/t.me\/SOS4X4RESCATE_clm<\/a>)<\/li>\n\n\n\n<li>Castilla y Le\u00f3n:<br>(<a href=\"https:\/\/t.me\/SOS4x4RESCATE_CYL\">https:\/\/t.me\/SOS4x4RESCATE_CYL<\/a>)<\/li>\n\n\n\n<li>Catalu\u00f1a:<br>(<a href=\"https:\/\/t.me\/SOS4X4RESCATE_cat\">https:\/\/t.me\/SOS4X4RESCATE_cat<\/a>)<\/li>\n\n\n\n<li>Euskadi:<br>(<a href=\"https:\/\/t.me\/SOS4X4RESCATE_euskadi\">https:\/\/t.me\/SOS4X4RESCATE_euskadi<\/a>)<\/li>\n\n\n\n<li>Extremadura:<br>(<a href=\"https:\/\/t.me\/SOS4X4RESCATE_extremadura\">https:\/\/t.me\/SOS4X4RESCATE_extremadura<\/a>)<\/li>\n\n\n\n<li>Galicia:<br>(<a href=\"https:\/\/t.me\/SOS4X4RESCATE_galicia\">https:\/\/t.me\/SOS4X4RESCATE_galicia<\/a>)<\/li>\n\n\n\n<li>Guadalajara:<br>(<a href=\"https:\/\/t.me\/SOS4X4RESCATE_guadalajara\">https:\/\/t.me\/SOS4X4RESCATE_guadalajara<\/a>)<\/li>\n\n\n\n<li>La Rioja:<br>(<a href=\"https:\/\/t.me\/SOS4X4RESCATE_rioja\">https:\/\/t.me\/SOS4X4RESCATE_rioja<\/a>)<\/li>\n\n\n\n<li>Madrid:<br>(<a href=\"https:\/\/t.me\/SOS4X4RESCATE_madrid\">https:\/\/t.me\/SOS4X4RESCATE_madrid<\/a>)<\/li>\n\n\n\n<li>Murcia:<br>(<a href=\"https:\/\/t.me\/SOS4X4RESCATE_murcia\">https:\/\/t.me\/SOS4X4RESCATE_murcia<\/a>)<\/li>\n\n\n\n<li>Navarra:<br>(<a href=\"https:\/\/t.me\/SOS4x4RESCATE_navarra\">https:\/\/t.me\/SOS4x4RESCATE_navarra<\/a>)<\/li>\n\n\n\n<li>C.Valenciana:<br>(<a href=\"https:\/\/t.me\/SOS4X4RESCATE_val\">https:\/\/t.me\/SOS4X4RESCATE_val<\/a>)<\/li>\n<\/ul>\n\n\n\n<p>&#x1f198; GRUPOS DE CAT\u00c1STROFES:<\/p>\n\n\n\n<ul class=\"wp-block-list\">\n<li>GENERAL:<br>(<a href=\"https:\/\/t.me\/catastrofnatESP\">https:\/\/t.me\/catastrofnatESP<\/a>)<\/li>\n\n\n\n<li>CATALU\u00d1A:<br>(<a href=\"https:\/\/t.me\/catastrofnatCAT\">https:\/\/t.me\/catastrofnatCAT<\/a>)<\/li>\n<\/ul>\n\n\n\n<p>&#x2b55;&#xfe0f; OTROS GRUPOS:<\/p>\n\n\n\n<ul class=\"wp-block-list\">\n<li>Comunidad: <a href=\"https:\/\/t.me\/SOS4X4RESCATE_Comunidad\">Grupo de Comunidad SOS4x4 Rescate<\/a><\/li>\n\n\n\n<li>Grupo Asistencia a Refugios y Protectoras Animales &#8211; Zona Centro:<br>(<a href=\"https:\/\/t.me\/+aGP1hQ0RRlU2YzA0\">https:\/\/t.me\/+aGP1hQ0RRlU2YzA0<\/a>)<\/li>\n<\/ul>\n\n\n\n<h5 class=\"wp-block-heading\" id=\"h-para-voluntarios-con-4x4-que-quieran-ayudar-de-alg-n-modo-toda-espa-a-https-t-me-sos4x4_nacionalandalucia-https-t-me-sos4x4andaluciaandorra-y-pirineos-https-t-me-joinchat-ih1xzq7q4u18o9fslxogbwarag-n-https-t-me-sos4x4aragonasturias-https-t-me-sos4x4asturiasbaleares-https-t-me-joinchat-ih1xzuykvgna-5qhbt3gdqcanarias-https-t-me-sos4x4canariascantabria-https-t-me-joinchat-ih1xzulfzc72i3_kbngnegcastilla-la-mancha-https-t-me-joinchat-ih1xzus5y-scofrb0nr4cwcastilla-y-le-n-https-t-me-joinchat-ih1xzu-hzkzpojq01u1w6acatalu-a-https-t-me-sos4x4catvalencia-https-t-me-sos4x4comunidadvalencianaeuskadi-https-t-me-sos4x4euskadiextremadura-https-t-me-joinchat-ih1xzvdwvckklb1dl0p93wgalicia-https-t-me-joinchat-ih1xzudxsh0j123g-ybtogguadalajara-https-t-me-joinchat-hg-eqkki_e-um435hmmerala-rioja-https-t-me-joinchat-ih1xzukalkbtobqcdp5ilqmadrid-https-t-me-joinchat-ih1xzu29eg3yiw0poewwzqmurcia-https-t-me-joinchat-ih1xzucs7zl8rs91wov-fqnavarra-t-me-sos4x4navarragrupos-cat-strofes-general-https-t-me-catastrofnatespcatalu-a-https-t-me-catastrofnatcatgracias-a-todos-sos-4x4info-sos4x4rescate-org\"><br><br>CONTACTO SOS 4&#215;4:<br><a href=\"mailto:info@sos4x4rescate.org\" target=\"_blank\" rel=\"noreferrer noopener\">info@sos4x4rescate.org<\/a><\/h5>\n\n\n\n<h2 class=\"wp-block-heading\" id=\"h-informaci-n-sobre-el-estado-de-las-carreteras\">INFORMACI\u00d3N SOBRE EL ESTADO DE LAS CARRETERAS<\/h2>\n\n\n\n<p><a href=\"\"><\/a><a href=\"http:\/\/infocar.dgt.es\/movil\/\">http:\/\/infocar.dgt.es\/movil\/<\/a><\/p>\n\n\n\n<p>CITAS:<br>[1] <a href=\"https:\/\/platavoluntariado.org\">https:\/\/platavoluntariado.org<\/a><br>[2] <a href=\"https:\/\/www.hortanoticias.com\/un-valenciano-crea-ayuda-terreta-el-mapa-de-voluntarios-que-agiliza-la-busqueda-de-desaparecidos-tras-la-dana\/\">https:\/\/www.hortanoticias.com\/un-valenciano-crea-ayuda-terreta-el-mapa-de-voluntarios-que-agiliza-la-busqueda-de-desaparecidos-tras-la-dana\/<\/a><\/p>\n","protected":false},"excerpt":{"rendered":"<p>SOS 4X4 SOS4x4 es un grupo de voluntarios que se organiza para ofrecer ayuda en situaciones de emergencia, especialmente en casos de desastres naturales como inundaciones. Este colectivo utiliza veh\u00edculos todoterreno para acceder a zonas que son dif\u00edciles de alcanzar por otros medios debido a las condiciones adversas del terreno. Su principal actividad es el [&hellip;]<\/p>\n","protected":false},"author":1,"featured_media":0,"parent":0,"menu_order":0,"comment_status":"closed","ping_status":"closed","template":"","meta":{"footnotes":""},"class_list":["post-4808","page","type-page","status-publish","hentry"],"_links":{"self":[{"href":"https:\/\/terranatur.es\/web\/wp-json\/wp\/v2\/pages\/4808","targetHints":{"allow":["GET"]}}],"collection":[{"href":"https:\/\/terranatur.es\/web\/wp-json\/wp\/v2\/pages"}],"about":[{"href":"https:\/\/terranatur.es\/web\/wp-json\/wp\/v2\/types\/page"}],"author":[{"embeddable":true,"href":"https:\/\/terranatur.es\/web\/wp-json\/wp\/v2\/users\/1"}],"replies":[{"embeddable":true,"href":"https:\/\/terranatur.es\/web\/wp-json\/wp\/v2\/comments?post=4808"}],"version-history":[{"count":0,"href":"https:\/\/terranatur.es\/web\/wp-json\/wp\/v2\/pages\/4808\/revisions"}],"wp:attachment":[{"href":"https:\/\/terranatur.es\/web\/wp-json\/wp\/v2\/media?parent=4808"}],"curies":[{"name":"wp","href":"https:\/\/api.w.org\/{rel}","templated":true}]}}