{"id":11263,"date":"2024-02-18T15:39:25","date_gmt":"2024-02-18T14:39:25","guid":{"rendered":"https:\/\/terranatur.es\/web\/?post_type=product&#038;p=11263"},"modified":"2026-01-15T14:51:22","modified_gmt":"2026-01-15T13:51:22","slug":"portugal-centro-4x4-pozo-ingles","status":"publish","type":"product","link":"https:\/\/terranatur.es\/web\/comprar\/portugal-centro-4x4-pozo-ingles\/","title":{"rendered":"PORTUGAL CENTRO 4X4 &#038; POZO DEL INGL\u00c9S"},"content":{"rendered":"<p>Reserva de plaza para participar en el viaje por centro de Portugal en 4&#215;4 hasta el Pozo del Ingl\u00e9s&#8221;.<\/p>\n<p>Es suficiente una \u00fanica reserva por unidad familiar o pareja por valor de 350 \u20ac.<\/p>\n<p><strong>A<\/strong><strong>qu\u00ed puedes ver la p\u00e1gina con toda la informaci\u00f3n sobre este viaje y la pr\u00f3xima fecha disponible.<\/strong><\/p>\n<p>En el proceso de compra, por favor, incluye en el campo libre de informaci\u00f3n quien viene contigo, si traes ni\u00f1os y sus edades, y el veh\u00edculo que llevar\u00e1s.<\/p>\n<p>El resto del viaje se paga por transferencia antes de la salida. Consulta pago parcial en met\u00e1lico.<\/p>\n<p>\u00a1Muchas gracias por tu reserva!<\/p>\n<p>Estamos deseando verte en persona.<\/p>\n","protected":false},"excerpt":{"rendered":"<p>Reserva de plaza para participar en el viaje por centro de Portugal en 4&#215;4 hasta el Pozo del Ingl\u00e9s&#8221;. Es suficiente una \u00fanica reserva por unidad familiar o pareja por valor de 350 \u20ac. Aqu\u00ed puedes ver la p\u00e1gina con toda la informaci\u00f3n sobre este viaje y la pr\u00f3xima fecha disponible. En el proceso de [&hellip;]<\/p>\n","protected":false},"featured_media":6674,"comment_status":"open","ping_status":"closed","template":"","meta":[],"product_brand":[],"product_cat":[99],"product_tag":[111,105,156,181,295,315,143,313,314,96,97],"class_list":{"0":"post-11263","1":"product","2":"type-product","3":"status-publish","4":"has-post-thumbnail","6":"product_cat-vacaciones-4x4","7":"product_tag-4x4","8":"product_tag-aventura","9":"product_tag-paisajes","10":"product_tag-parque-natural","11":"product_tag-portugal","12":"product_tag-pozo-del-ingles","13":"product_tag-rutas-4x4","14":"product_tag-serra-da-estrela","15":"product_tag-serra-da-malcata","16":"product_tag-sierra-de-gata","17":"product_tag-todoterreno","19":"first","20":"instock","21":"sold-individually","22":"taxable","23":"shipping-taxable","24":"purchasable","25":"product-type-variable"},"_links":{"self":[{"href":"https:\/\/terranatur.es\/web\/wp-json\/wp\/v2\/product\/11263","targetHints":{"allow":["GET"]}}],"collection":[{"href":"https:\/\/terranatur.es\/web\/wp-json\/wp\/v2\/product"}],"about":[{"href":"https:\/\/terranatur.es\/web\/wp-json\/wp\/v2\/types\/product"}],"replies":[{"embeddable":true,"href":"https:\/\/terranatur.es\/web\/wp-json\/wp\/v2\/comments?post=11263"}],"wp:featuredmedia":[{"embeddable":true,"href":"https:\/\/terranatur.es\/web\/wp-json\/wp\/v2\/media\/6674"}],"wp:attachment":[{"href":"https:\/\/terranatur.es\/web\/wp-json\/wp\/v2\/media?parent=11263"}],"wp:term":[{"taxonomy":"product_brand","embeddable":true,"href":"https:\/\/terranatur.es\/web\/wp-json\/wp\/v2\/product_brand?post=11263"},{"taxonomy":"product_cat","embeddable":true,"href":"https:\/\/terranatur.es\/web\/wp-json\/wp\/v2\/product_cat?post=11263"},{"taxonomy":"product_tag","embeddable":true,"href":"https:\/\/terranatur.es\/web\/wp-json\/wp\/v2\/product_tag?post=11263"}],"curies":[{"name":"wp","href":"https:\/\/api.w.org\/{rel}","templated":true}]}}