{"id":11858,"date":"2024-05-23T23:58:42","date_gmt":"2024-05-23T21:58:42","guid":{"rendered":"https:\/\/terranatur.es\/web\/?post_type=product&#038;p=11858"},"modified":"2026-02-01T23:23:39","modified_gmt":"2026-02-01T22:23:39","slug":"reserva-mozambique-kruger-safari-4x4","status":"publish","type":"product","link":"https:\/\/terranatur.es\/web\/comprar\/reserva-mozambique-kruger-safari-4x4\/","title":{"rendered":"RESERVA MOZAMBIQUE &#038; KRUGER. SAFARI 4X4"},"content":{"rendered":"<p>Rellenar este formulario permite reservar plazas para participar en la expedici\u00f3n &#8220;<strong>Mozambique &amp; Kruger. Safari 4&#215;4<\/strong>&#8221;<\/p>\n<p>Se realiza una reserva por pareja o unidad familiar. La finalidad es contratar cuanto antes el seguro de viaje con causas de cancelaci\u00f3n.<\/p>\n<p><a href=\"https:\/\/terranatur.es\/web\/mozambique-kruger-safari-4x4-africa-austral\/\"><strong>A<\/strong><strong>qu\u00ed puedes ver la p\u00e1gina con toda la informaci\u00f3n sobre este viaje 4&#215;4. La duraci\u00f3n ese de 15 d\u00edas, pero seg\u00fan el grupo, podr\u00eda ampliarse algunos m\u00e1s.<\/strong><\/a><\/p>\n<p>En el proceso de reserva, por favor, incluye en el campo libre de informaci\u00f3n qui\u00e9n viene contigo, si traes ni\u00f1os y sus edades. El viaje se terminar\u00e1 de abonar en dos pagos m\u00e1s antes de la fecha de salida. Una vez reserves, contactaremos contigo para obtener cuanto antes los billetes de avi\u00f3n y evitar recargos.<\/p>\n<p>\u00a1Muchas gracias por tu reserva! Estamos deseando contar contigo.<\/p>\n","protected":false},"excerpt":{"rendered":"<p>Rellenar este formulario permite reservar plazas para participar en la expedici\u00f3n &#8220;Mozambique &amp; Kruger. Safari 4&#215;4&#8221; Se realiza una reserva por pareja o unidad familiar. La finalidad es contratar cuanto antes el seguro de viaje con causas de cancelaci\u00f3n. Aqu\u00ed puedes ver la p\u00e1gina con toda la informaci\u00f3n sobre este viaje 4&#215;4. La duraci\u00f3n ese [&hellip;]<\/p>\n","protected":false},"featured_media":15508,"comment_status":"open","ping_status":"closed","template":"","meta":[],"product_brand":[],"product_cat":[99],"product_tag":[111,431,105,428,430,426,156,143,429,427,97],"class_list":{"0":"post-11858","1":"product","2":"type-product","3":"status-publish","4":"has-post-thumbnail","6":"product_cat-vacaciones-4x4","7":"product_tag-4x4","8":"product_tag-5-grandes","9":"product_tag-aventura","10":"product_tag-esuatini","11":"product_tag-leon","12":"product_tag-mozambique","13":"product_tag-paisajes","14":"product_tag-rutas-4x4","15":"product_tag-safari","16":"product_tag-sudafrica","17":"product_tag-todoterreno","19":"first","20":"instock","21":"virtual","22":"sold-individually","23":"taxable","24":"purchasable","25":"product-type-simple"},"_links":{"self":[{"href":"https:\/\/terranatur.es\/web\/wp-json\/wp\/v2\/product\/11858","targetHints":{"allow":["GET"]}}],"collection":[{"href":"https:\/\/terranatur.es\/web\/wp-json\/wp\/v2\/product"}],"about":[{"href":"https:\/\/terranatur.es\/web\/wp-json\/wp\/v2\/types\/product"}],"replies":[{"embeddable":true,"href":"https:\/\/terranatur.es\/web\/wp-json\/wp\/v2\/comments?post=11858"}],"wp:featuredmedia":[{"embeddable":true,"href":"https:\/\/terranatur.es\/web\/wp-json\/wp\/v2\/media\/15508"}],"wp:attachment":[{"href":"https:\/\/terranatur.es\/web\/wp-json\/wp\/v2\/media?parent=11858"}],"wp:term":[{"taxonomy":"product_brand","embeddable":true,"href":"https:\/\/terranatur.es\/web\/wp-json\/wp\/v2\/product_brand?post=11858"},{"taxonomy":"product_cat","embeddable":true,"href":"https:\/\/terranatur.es\/web\/wp-json\/wp\/v2\/product_cat?post=11858"},{"taxonomy":"product_tag","embeddable":true,"href":"https:\/\/terranatur.es\/web\/wp-json\/wp\/v2\/product_tag?post=11858"}],"curies":[{"name":"wp","href":"https:\/\/api.w.org\/{rel}","templated":true}]}}