{"id":12499,"date":"2024-10-08T21:30:54","date_gmt":"2024-10-08T19:30:54","guid":{"rendered":"https:\/\/terranatur.es\/web\/?post_type=product&#038;p=12499"},"modified":"2025-12-09T10:12:21","modified_gmt":"2025-12-09T09:12:21","slug":"reserva-lugo-4x4-interior","status":"publish","type":"product","link":"https:\/\/terranatur.es\/web\/comprar\/reserva-lugo-4x4-interior\/","title":{"rendered":"RESERVA LUGO 4&#215;4 GALICIA INTERIOR"},"content":{"rendered":"<p>La compra de esta reserva, permite participar en la salida &#8220;Lugo 4&#215;4 Galicia Interior&#8221;.<\/p>\n<p>Es suficiente una \u00fanica reserva por unidad familiar o pareja. <strong>Los d\u00edas que reserves incluyen siempre la noche anterior.<\/strong><\/p>\n<p><a href=\"https:\/\/terranatur.es\/web\/lugo-4x4-interior\/\" target=\"_blank\" rel=\"noopener\"><strong>A<\/strong><strong>qu\u00ed puedes ve<\/strong><strong>r<\/strong><strong> la p\u00e1gina con toda la informaci\u00f3n sobre este viaje y la pr\u00f3xima fecha disponible.<\/strong><\/a><\/p>\n<p>En el proceso de compra, por favor, incluye en el campo libre de informaci\u00f3n quien viene contigo, si traes ni\u00f1os y sus edades, y el veh\u00edculo que llevar\u00e1s.<\/p>\n<p>El resto del viaje se termina de abonar d\u00edas antes por transferencia bancaria. Si deseas hacerlo en met\u00e1lico, consulta directamente, por favor.<\/p>\n<p>D\u00edas antes enviaremos instrucciones por correo electr\u00f3nico y las rutas para seguir tu aventura con el m\u00f3vil.<\/p>\n<p>\u00a1Muchas gracias por tu reserva!<\/p>\n<p>Estamos deseando verte en persona.<\/p>\n","protected":false},"excerpt":{"rendered":"<p>La compra de esta reserva, permite participar en la salida &#8220;Lugo 4&#215;4 Galicia Interior&#8221;. Es suficiente una \u00fanica reserva por unidad familiar o pareja. Los d\u00edas que reserves incluyen siempre la noche anterior. Aqu\u00ed puedes ver la p\u00e1gina con toda la informaci\u00f3n sobre este viaje y la pr\u00f3xima fecha disponible. En el proceso de compra, [&hellip;]<\/p>\n","protected":false},"featured_media":14470,"comment_status":"open","ping_status":"closed","template":"","meta":[],"product_brand":[],"product_cat":[211],"product_tag":[111,303,105,306,304,435,436,307,156,181,305,143,97],"class_list":{"0":"post-12499","1":"product","2":"type-product","3":"status-publish","4":"has-post-thumbnail","6":"product_cat-fines-de-semana-4x4","7":"product_tag-4x4","8":"product_tag-ancares","9":"product_tag-aventura","10":"product_tag-balboa","11":"product_tag-bierzo","12":"product_tag-fonsagrada","13":"product_tag-lugo","14":"product_tag-otono","15":"product_tag-paisajes","16":"product_tag-parque-natural","17":"product_tag-piornedo","18":"product_tag-rutas-4x4","19":"product_tag-todoterreno","21":"first","22":"outofstock","23":"sold-individually","24":"taxable","25":"shipping-taxable","26":"purchasable","27":"product-type-variable"},"_links":{"self":[{"href":"https:\/\/terranatur.es\/web\/wp-json\/wp\/v2\/product\/12499","targetHints":{"allow":["GET"]}}],"collection":[{"href":"https:\/\/terranatur.es\/web\/wp-json\/wp\/v2\/product"}],"about":[{"href":"https:\/\/terranatur.es\/web\/wp-json\/wp\/v2\/types\/product"}],"replies":[{"embeddable":true,"href":"https:\/\/terranatur.es\/web\/wp-json\/wp\/v2\/comments?post=12499"}],"wp:featuredmedia":[{"embeddable":true,"href":"https:\/\/terranatur.es\/web\/wp-json\/wp\/v2\/media\/14470"}],"wp:attachment":[{"href":"https:\/\/terranatur.es\/web\/wp-json\/wp\/v2\/media?parent=12499"}],"wp:term":[{"taxonomy":"product_brand","embeddable":true,"href":"https:\/\/terranatur.es\/web\/wp-json\/wp\/v2\/product_brand?post=12499"},{"taxonomy":"product_cat","embeddable":true,"href":"https:\/\/terranatur.es\/web\/wp-json\/wp\/v2\/product_cat?post=12499"},{"taxonomy":"product_tag","embeddable":true,"href":"https:\/\/terranatur.es\/web\/wp-json\/wp\/v2\/product_tag?post=12499"}],"curies":[{"name":"wp","href":"https:\/\/api.w.org\/{rel}","templated":true}]}}