{"id":13435,"date":"2025-02-06T18:35:15","date_gmt":"2025-02-06T17:35:15","guid":{"rendered":"https:\/\/terranatur.es\/web\/?post_type=product&#038;p=13435"},"modified":"2025-11-12T20:03:47","modified_gmt":"2025-11-12T19:03:47","slug":"reserva-malcata-gata-hurdes-4x4","status":"publish","type":"product","link":"https:\/\/terranatur.es\/web\/comprar\/reserva-malcata-gata-hurdes-4x4\/","title":{"rendered":"RESERVA DE VIAJE &#8220;MALCATA, GATA Y LAS HURDES 4X4&#8221;"},"content":{"rendered":"<p>Mediante este proceso de compra, reservas plaza para participar en el viaje &#8220;MALCATA, GATA Y LAS HURDES 4X4&#8221;.<\/p>\n<p>Es suficiente una \u00fanica reserva por unidad familiar o pareja.<\/p>\n<p><a title=\"Malcata, Gata y Las Hurdes 4\u00d74\" href=\"https:\/\/terranatur.es\/web\/malcata-gata-hurdes-4x4\/\"><strong>Aqu\u00ed puedes ver la p\u00e1gina<\/strong><\/a> con la informaci\u00f3n completa sobre este viaje.<\/p>\n<p>En el proceso de compra, por favor, incluye en el campo libre de informaci\u00f3n quien viene contigo, si traes ni\u00f1os y sus edades, y el veh\u00edculo que llevar\u00e1s. El resto del viaje se paga por transferencia una vez recibas un correo con las instrucciones, aunque puedes solicitar pagar el resto en met\u00e1lico.<\/p>\n<p>\u00a1Muchas gracias por tu reserva!<\/p>\n<p>Estamos deseando contar contigo<\/p>\n","protected":false},"excerpt":{"rendered":"<p>Reserva para el viaje 4&#215;4 de Terranatur &#8220;Malcata, Gata, y Las Hurdes 4&#215;4&#8221;.<\/p>\n","protected":false},"featured_media":13438,"comment_status":"open","ping_status":"closed","template":"","meta":[],"product_brand":[],"product_cat":[211],"product_tag":[111,154,157,155,158,95,448,156,89,314,96,97],"class_list":{"0":"post-13435","1":"product","2":"type-product","3":"status-publish","4":"has-post-thumbnail","6":"product_cat-fines-de-semana-4x4","7":"product_tag-4x4","8":"product_tag-caceres","9":"product_tag-cascadas","10":"product_tag-extremadura","11":"product_tag-gastronomia","12":"product_tag-hurdes","13":"product_tag-malcata","14":"product_tag-paisajes","15":"product_tag-senderismo","16":"product_tag-serra-da-malcata","17":"product_tag-sierra-de-gata","18":"product_tag-todoterreno","20":"first","21":"outofstock","22":"sold-individually","23":"taxable","24":"shipping-taxable","25":"purchasable","26":"product-type-variable"},"_links":{"self":[{"href":"https:\/\/terranatur.es\/web\/wp-json\/wp\/v2\/product\/13435","targetHints":{"allow":["GET"]}}],"collection":[{"href":"https:\/\/terranatur.es\/web\/wp-json\/wp\/v2\/product"}],"about":[{"href":"https:\/\/terranatur.es\/web\/wp-json\/wp\/v2\/types\/product"}],"replies":[{"embeddable":true,"href":"https:\/\/terranatur.es\/web\/wp-json\/wp\/v2\/comments?post=13435"}],"wp:featuredmedia":[{"embeddable":true,"href":"https:\/\/terranatur.es\/web\/wp-json\/wp\/v2\/media\/13438"}],"wp:attachment":[{"href":"https:\/\/terranatur.es\/web\/wp-json\/wp\/v2\/media?parent=13435"}],"wp:term":[{"taxonomy":"product_brand","embeddable":true,"href":"https:\/\/terranatur.es\/web\/wp-json\/wp\/v2\/product_brand?post=13435"},{"taxonomy":"product_cat","embeddable":true,"href":"https:\/\/terranatur.es\/web\/wp-json\/wp\/v2\/product_cat?post=13435"},{"taxonomy":"product_tag","embeddable":true,"href":"https:\/\/terranatur.es\/web\/wp-json\/wp\/v2\/product_tag?post=13435"}],"curies":[{"name":"wp","href":"https:\/\/api.w.org\/{rel}","templated":true}]}}