{"id":13801,"date":"2025-04-05T10:19:40","date_gmt":"2025-04-05T08:19:40","guid":{"rendered":"https:\/\/terranatur.es\/web\/?post_type=product&#038;p=13801"},"modified":"2025-11-12T20:03:46","modified_gmt":"2025-11-12T19:03:46","slug":"reserva-botswana-4x4-overland","status":"publish","type":"product","link":"https:\/\/terranatur.es\/web\/comprar\/reserva-botswana-4x4-overland\/","title":{"rendered":"RESERVA BOTSWANA 4X4 OVERLAND"},"content":{"rendered":"<p>Rellenar este formulario permite reservar plazas para participar en la expedici\u00f3n &#8220;<strong>BOTSWANA 4X4 OVERLAND 2025<\/strong>&#8221;<\/p>\n<p>Se realiza <strong>una \u00fanica reserva<\/strong> por pareja o unidad familiar.<\/p>\n<p><a title=\"BOTSWANA 4X4 OVERLAND. EL AUT\u00c9NTICO SAFARI AFRICANO.\" href=\"https:\/\/terranatur.es\/web\/botswana-4x4-safari-africano\/\"><strong>A<\/strong><strong>qu\u00ed puedes ver la p\u00e1gina con toda la informaci\u00f3n sobre este viaje 4&#215;4. La duraci\u00f3n es de 15 o 22 d\u00edas<\/strong><\/a><\/p>\n<p>En el proceso de reserva, por favor, incluye en el campo libre de informaci\u00f3n <strong>qui\u00e9n viene contigo<\/strong>, si traes ni\u00f1os y sus edades.<\/p>\n<p>El viaje se terminar\u00e1 de abonar en <strong>dos pagos<\/strong> m\u00e1s antes de la fecha de salida.<\/p>\n<p>Una vez reserves, contactaremos contigo para obtener cuanto antes los <strong>billetes de avi\u00f3n si lo deseas<\/strong>\u00a0y te enviaremos un <strong>formulario<\/strong> para recabar vuestros datos.<\/p>\n<p>Autom\u00e1ticamente contrataremos a vuestro nombre <strong>un seguro de viaje con cancelaci\u00f3n<\/strong>.<\/p>\n<p>Consulta los <strong>documentos legales<\/strong> de este <strong>viaje combinado<\/strong>, reservando aceptas sus condiciones:<\/p>\n<ul>\n<li><a href=\"https:\/\/terranatur.es\/web\/wp-content\/uploads\/contrato-tipo-botswana.pdf\" target=\"_blank\" rel=\"noopener\">Condiciones del contrato de viaje<\/a>.<\/li>\n<li><a href=\"https:\/\/terranatur.es\/web\/wp-content\/uploads\/CCGG_y_CCPP_TOP_CON_GAV_2025.pdf\">Condiciones del seguro de viaje (Insurance Travel, I4T).<\/a><\/li>\n<\/ul>\n<p>\u00a1Muchas gracias por tu reserva! Estamos deseando contar contigo.<\/p>\n","protected":false},"excerpt":{"rendered":"<p>Rellenar este formulario permite reservar plazas para participar en la expedici\u00f3n &#8220;BOTSWANA 4X4 OVERLAND 2025&#8221; Se realiza una \u00fanica reserva por pareja o unidad familiar. Aqu\u00ed puedes ver la p\u00e1gina con toda la informaci\u00f3n sobre este viaje 4&#215;4. La duraci\u00f3n es de 15 o 22 d\u00edas En el proceso de reserva, por favor, incluye en [&hellip;]<\/p>\n","protected":false},"featured_media":13802,"comment_status":"open","ping_status":"closed","template":"","meta":[],"product_brand":[],"product_cat":[99],"product_tag":[111,431,105,450,453,455,457,456,430,451,454,156,143,429,452,427,97],"class_list":{"0":"post-13801","1":"product","2":"type-product","3":"status-publish","4":"has-post-thumbnail","6":"product_cat-vacaciones-4x4","7":"product_tag-4x4","8":"product_tag-5-grandes","9":"product_tag-aventura","10":"product_tag-botswana","11":"product_tag-chobe","12":"product_tag-delta","13":"product_tag-elefantes","14":"product_tag-kawai","15":"product_tag-leon","16":"product_tag-moremi","17":"product_tag-okabango","18":"product_tag-paisajes","19":"product_tag-rutas-4x4","20":"product_tag-safari","21":"product_tag-savuti","22":"product_tag-sudafrica","23":"product_tag-todoterreno","25":"first","26":"instock","27":"sold-individually","28":"taxable","29":"shipping-taxable","30":"purchasable","31":"product-type-variable"},"_links":{"self":[{"href":"https:\/\/terranatur.es\/web\/wp-json\/wp\/v2\/product\/13801","targetHints":{"allow":["GET"]}}],"collection":[{"href":"https:\/\/terranatur.es\/web\/wp-json\/wp\/v2\/product"}],"about":[{"href":"https:\/\/terranatur.es\/web\/wp-json\/wp\/v2\/types\/product"}],"replies":[{"embeddable":true,"href":"https:\/\/terranatur.es\/web\/wp-json\/wp\/v2\/comments?post=13801"}],"wp:featuredmedia":[{"embeddable":true,"href":"https:\/\/terranatur.es\/web\/wp-json\/wp\/v2\/media\/13802"}],"wp:attachment":[{"href":"https:\/\/terranatur.es\/web\/wp-json\/wp\/v2\/media?parent=13801"}],"wp:term":[{"taxonomy":"product_brand","embeddable":true,"href":"https:\/\/terranatur.es\/web\/wp-json\/wp\/v2\/product_brand?post=13801"},{"taxonomy":"product_cat","embeddable":true,"href":"https:\/\/terranatur.es\/web\/wp-json\/wp\/v2\/product_cat?post=13801"},{"taxonomy":"product_tag","embeddable":true,"href":"https:\/\/terranatur.es\/web\/wp-json\/wp\/v2\/product_tag?post=13801"}],"curies":[{"name":"wp","href":"https:\/\/api.w.org\/{rel}","templated":true}]}}