{"id":13990,"date":"2025-05-27T14:39:15","date_gmt":"2025-05-27T12:39:15","guid":{"rendered":"https:\/\/terranatur.es\/web\/?post_type=product&#038;p=13990"},"modified":"2025-11-12T20:03:46","modified_gmt":"2025-11-12T19:03:46","slug":"portugal-sur-4x4-autoguiado","status":"publish","type":"product","link":"https:\/\/terranatur.es\/web\/comprar\/portugal-sur-4x4-autoguiado\/","title":{"rendered":"PORTUGAL SUR 4X4 &#8211; AUTOGUIADO"},"content":{"rendered":"<p>Vive una aventura \u00fanica recorriendo el sur de Portugal en tu propio 4&#215;4.<\/p>\n<p>Disfruta de rutas todoterreno diarias, alojamientos seleccionados con desayuno incluido y seguro de viaje grupal.<\/p>\n<p>Viaje apto para grupos privados de hasta 5 veh\u00edculos.<\/p>\n<p>A\u00f1ade por favor al carrito tantas reservas como viajeros en tu unidad familiar o grupo.<\/p>\n<p>Reserva anticipada para garantizar plazas y alojamientos. Si no lo has hecho a\u00fan, indica tu fecha de comiendo ideal <strong>c<\/strong><a href=\"https:\/\/api.whatsapp.com\/send?phone=++34619324101&amp;text=Por%20favor,%20quiero%20realizar%20un%20viaje%204x4%20autoguiado%20al%20sur%20de%20Portugal%20comenzando%20el%20d%C3%ADa:%20\"><strong>ontactando con nosotros<\/strong> por whatsapp<\/a>.<\/p>\n<p>Para conocer el itinerario completo, alojamientos y servicios incluidos, puedes visitar la p\u00e1gina principal del viaje:\u00a0 <a href=\"https:\/\/terranatur.es\/web\/portugal-sur-4x4\/\">M\u00e1s informaci\u00f3n sobre <strong>Portugal Sur 4&#215;4 autoguiado<\/strong><\/a><\/p>\n<p>En el proceso de compra, por favor, incluye en el campo libre de informaci\u00f3n si traes ni\u00f1os y sus edades, y el veh\u00edculo que llevar\u00e1s.<\/p>\n<p>\u00a1Muchas gracias por tu reserva!<\/p>\n","protected":false},"excerpt":{"rendered":"<p>Viaje 4&#215;4 autoguiado al Sur de Portugal organizado por Terranatur.<\/p>\n","protected":false},"featured_media":13997,"comment_status":"closed","ping_status":"closed","template":"","meta":[],"product_brand":[],"product_cat":[358],"product_tag":[],"class_list":{"0":"post-13990","1":"product","2":"type-product","3":"status-publish","4":"has-post-thumbnail","6":"product_cat-viajes-4x4-autoguiados","8":"first","9":"instock","10":"taxable","11":"shipping-taxable","12":"purchasable","13":"product-type-variable"},"_links":{"self":[{"href":"https:\/\/terranatur.es\/web\/wp-json\/wp\/v2\/product\/13990","targetHints":{"allow":["GET"]}}],"collection":[{"href":"https:\/\/terranatur.es\/web\/wp-json\/wp\/v2\/product"}],"about":[{"href":"https:\/\/terranatur.es\/web\/wp-json\/wp\/v2\/types\/product"}],"replies":[{"embeddable":true,"href":"https:\/\/terranatur.es\/web\/wp-json\/wp\/v2\/comments?post=13990"}],"wp:featuredmedia":[{"embeddable":true,"href":"https:\/\/terranatur.es\/web\/wp-json\/wp\/v2\/media\/13997"}],"wp:attachment":[{"href":"https:\/\/terranatur.es\/web\/wp-json\/wp\/v2\/media?parent=13990"}],"wp:term":[{"taxonomy":"product_brand","embeddable":true,"href":"https:\/\/terranatur.es\/web\/wp-json\/wp\/v2\/product_brand?post=13990"},{"taxonomy":"product_cat","embeddable":true,"href":"https:\/\/terranatur.es\/web\/wp-json\/wp\/v2\/product_cat?post=13990"},{"taxonomy":"product_tag","embeddable":true,"href":"https:\/\/terranatur.es\/web\/wp-json\/wp\/v2\/product_tag?post=13990"}],"curies":[{"name":"wp","href":"https:\/\/api.w.org\/{rel}","templated":true}]}}