{"id":14367,"date":"2025-09-19T18:56:26","date_gmt":"2025-09-19T16:56:26","guid":{"rendered":"https:\/\/terranatur.es\/web\/?post_type=product&#038;p=14367"},"modified":"2025-11-12T20:03:45","modified_gmt":"2025-11-12T19:03:45","slug":"reserva-palencia-norte-4x4-autoguiado","status":"publish","type":"product","link":"https:\/\/terranatur.es\/web\/comprar\/reserva-palencia-norte-4x4-autoguiado\/","title":{"rendered":"VIAJE 4X4 PALENCIA NORTE"},"content":{"rendered":"<p>La compra de esta reserva, asegura tu participaci\u00f3n en el viaje &#8220;Palencia Norte 4&#215;4&#8221; en formato autoguiado para las fechas elegidas.<\/p>\n<p>Durante el proceso de compra, a\u00f1ade una reserva por cada participante de tu grupo familiar.<\/p>\n<p>Por favor, incluye en el campo libre de informaci\u00f3n el veh\u00edculo que llevar\u00e1s y la matr\u00edcula.<\/p>\n<p>\u00a1Muchas gracias por tu reserva!<\/p>\n","protected":false},"excerpt":{"rendered":"<p>La compra de esta reserva, asegura tu participaci\u00f3n en el viaje &#8220;Palencia Norte 4&#215;4&#8221; en formato autoguiado para las fechas elegidas. Durante el proceso de compra, a\u00f1ade una reserva por cada participante de tu grupo familiar. Por favor, incluye en el campo libre de informaci\u00f3n el veh\u00edculo que llevar\u00e1s y la matr\u00edcula. \u00a1Muchas gracias por [&hellip;]<\/p>\n","protected":false},"featured_media":5986,"comment_status":"open","ping_status":"closed","template":"","meta":[],"product_brand":[],"product_cat":[211],"product_tag":[111,105,293,287,292,156,181,291,289,290,143,97,288],"class_list":{"0":"post-14367","1":"product","2":"type-product","3":"status-publish","4":"has-post-thumbnail","6":"product_cat-fines-de-semana-4x4","7":"product_tag-4x4","8":"product_tag-aventura","9":"product_tag-convento-de-mave","10":"product_tag-fuentes-carrionas","11":"product_tag-mave","12":"product_tag-paisajes","13":"product_tag-parque-natural","14":"product_tag-pena-amaya","15":"product_tag-pisuerga","16":"product_tag-rio-carrion","17":"product_tag-rutas-4x4","18":"product_tag-todoterreno","19":"product_tag-tuerces","21":"first","22":"outofstock","23":"virtual","24":"taxable","25":"purchasable","26":"product-type-simple"},"_links":{"self":[{"href":"https:\/\/terranatur.es\/web\/wp-json\/wp\/v2\/product\/14367","targetHints":{"allow":["GET"]}}],"collection":[{"href":"https:\/\/terranatur.es\/web\/wp-json\/wp\/v2\/product"}],"about":[{"href":"https:\/\/terranatur.es\/web\/wp-json\/wp\/v2\/types\/product"}],"replies":[{"embeddable":true,"href":"https:\/\/terranatur.es\/web\/wp-json\/wp\/v2\/comments?post=14367"}],"wp:featuredmedia":[{"embeddable":true,"href":"https:\/\/terranatur.es\/web\/wp-json\/wp\/v2\/media\/5986"}],"wp:attachment":[{"href":"https:\/\/terranatur.es\/web\/wp-json\/wp\/v2\/media?parent=14367"}],"wp:term":[{"taxonomy":"product_brand","embeddable":true,"href":"https:\/\/terranatur.es\/web\/wp-json\/wp\/v2\/product_brand?post=14367"},{"taxonomy":"product_cat","embeddable":true,"href":"https:\/\/terranatur.es\/web\/wp-json\/wp\/v2\/product_cat?post=14367"},{"taxonomy":"product_tag","embeddable":true,"href":"https:\/\/terranatur.es\/web\/wp-json\/wp\/v2\/product_tag?post=14367"}],"curies":[{"name":"wp","href":"https:\/\/api.w.org\/{rel}","templated":true}]}}