{"id":15455,"date":"2026-01-31T15:44:00","date_gmt":"2026-01-31T14:44:00","guid":{"rendered":"https:\/\/terranatur.es\/web\/?post_type=product&#038;p=15455"},"modified":"2026-03-19T00:07:28","modified_gmt":"2026-03-18T23:07:28","slug":"reserva-serrania-cuenca-4x4","status":"publish","type":"product","link":"https:\/\/terranatur.es\/web\/comprar\/reserva-serrania-cuenca-4x4\/","title":{"rendered":"Reserva Serran\u00eda de Cuenca 4&#215;4"},"content":{"rendered":"<p>La compra de esta reserva permite participar en el viaje &#8220;Serran\u00eda de Cuenca 4&#215;4&#8221;. Durante el proceso de compra, puedes elegir si vendr\u00e1s solo el fin de semana o tambi\u00e9n el lunes.<\/p>\n<p>Si has llegado a esta p\u00e1gina directamente, <a href=\"https:\/\/terranatur.es\/web\/serrania-de-cuenca-4x4\/\"><strong>aqu\u00ed puedes ver toda la informaci\u00f3n sobre este viaje 4&#215;4.<\/strong><\/a><\/p>\n<p>En el proceso de compra, por favor, incluye en el campo libre de informaci\u00f3n quien viene contigo, si traes ni\u00f1os y sus edades, y el veh\u00edculo que llevar\u00e1s.<\/p>\n<p>Es suficiente una \u00fanica reserva por unidad familiar o pareja.<\/p>\n<p>El resto del viaje se paga por transferencia bancaria antes del viaje. Consulta si deseas pagar parte en efectivo al llegar.<\/p>\n<p>D\u00edas antes te enviaremos un correo electr\u00f3nico con instrucciones y las rutas para cargar en tu dispositivo m\u00f3vil.<\/p>\n<p>\u00a1Muchas gracias por tu reserva!<\/p>\n<p>Estamos deseando verte en persona.<\/p>\n","protected":false},"excerpt":{"rendered":"<p>Viaje 4&#215;4 a la Serran\u00eda de Cuenca con Terranatur.<\/p>\n","protected":false},"featured_media":15457,"comment_status":"open","ping_status":"closed","template":"","meta":[],"product_brand":[],"product_cat":[59,211],"product_tag":[111,482,90,156,181,143,178,483,151,97],"class_list":{"0":"post-15455","1":"product","2":"type-product","3":"status-publish","4":"has-post-thumbnail","6":"product_cat-cursos-4x4","7":"product_cat-fines-de-semana-4x4","8":"product_tag-4x4","9":"product_tag-carbajosa","10":"product_tag-naturaleza","11":"product_tag-paisajes","12":"product_tag-parque-natural","13":"product_tag-rutas-4x4","14":"product_tag-segura","15":"product_tag-serrania-de-cuenca","16":"product_tag-terranatur","17":"product_tag-todoterreno","19":"first","20":"instock","21":"sold-individually","22":"taxable","23":"shipping-taxable","24":"purchasable","25":"product-type-variable"},"_links":{"self":[{"href":"https:\/\/terranatur.es\/web\/wp-json\/wp\/v2\/product\/15455","targetHints":{"allow":["GET"]}}],"collection":[{"href":"https:\/\/terranatur.es\/web\/wp-json\/wp\/v2\/product"}],"about":[{"href":"https:\/\/terranatur.es\/web\/wp-json\/wp\/v2\/types\/product"}],"replies":[{"embeddable":true,"href":"https:\/\/terranatur.es\/web\/wp-json\/wp\/v2\/comments?post=15455"}],"wp:featuredmedia":[{"embeddable":true,"href":"https:\/\/terranatur.es\/web\/wp-json\/wp\/v2\/media\/15457"}],"wp:attachment":[{"href":"https:\/\/terranatur.es\/web\/wp-json\/wp\/v2\/media?parent=15455"}],"wp:term":[{"taxonomy":"product_brand","embeddable":true,"href":"https:\/\/terranatur.es\/web\/wp-json\/wp\/v2\/product_brand?post=15455"},{"taxonomy":"product_cat","embeddable":true,"href":"https:\/\/terranatur.es\/web\/wp-json\/wp\/v2\/product_cat?post=15455"},{"taxonomy":"product_tag","embeddable":true,"href":"https:\/\/terranatur.es\/web\/wp-json\/wp\/v2\/product_tag?post=15455"}],"curies":[{"name":"wp","href":"https:\/\/api.w.org\/{rel}","templated":true}]}}