{"id":15666,"date":"2026-02-04T23:18:34","date_gmt":"2026-02-04T22:18:34","guid":{"rendered":"https:\/\/terranatur.es\/web\/?post_type=product&#038;p=15666"},"modified":"2026-02-04T23:40:25","modified_gmt":"2026-02-04T22:40:25","slug":"tarjeta-regalo-curso-basico-de-supervivencia","status":"publish","type":"product","link":"https:\/\/terranatur.es\/web\/comprar\/tarjeta-regalo-curso-basico-de-supervivencia\/","title":{"rendered":"Tarjeta Regalo Curso B\u00e1sico de Supervivencia"},"content":{"rendered":"<div class=\"el-h1\">\n<h1 dir=\"auto\" data-heading=\"Curso de Supervivencia en la Naturaleza (Fin de Semana)\">Curso B\u00e1sico de Supervivencia en la Naturaleza (Fin de Semana)<\/h1>\n<\/div>\n<div class=\"el-p\">\n<p dir=\"auto\"><strong>Descripci\u00f3n<\/strong><\/p>\n<\/div>\n<div class=\"el-p\">\n<p dir=\"auto\">Regala (o reg\u00e1late) una experiencia de\u00a0<strong>iniciaci\u00f3n a la supervivencia<\/strong>\u00a0de un fin de semana completo en plena Sierra de Guadarrama.<\/p>\n<\/div>\n<div class=\"el-p\">\n<p dir=\"auto\">Somos expertos en acercar la naturaleza a las personas. En nuestra Escuela de Supervivencia no buscamos que lo pases mal, sino que aprendas a desenvolverte con seguridad, calma y eficacia en el medio natural. Nuestros cursos son perfectos para ganar confianza, desconectar de la rutina y aprender habilidades ancestrales \u00fatiles para la vida moderna. Explorar\u00e1s y aprender\u00e1s t\u00e9cnicas esenciales como hacer fuego, construir refugios, orientarte o potabilizar agua.<\/p>\n<\/div>\n<div class=\"el-p\">\n<p dir=\"auto\">Este curso es v\u00e1lido para realizar en las fechas programadas por Terranatur a lo largo de la temporada (consultar calendario). Las convocatorias se publican en esta misma web. Si sois un grupo de al menos 10 personas, tambi\u00e9n pod\u00e9is solicitar una fecha privada para vosotros.<\/p>\n<\/div>\n<div class=\"el-p\">\n<p dir=\"auto\"><strong>Podr\u00e9is disfrutar de un programa completo que incluye:<\/strong><\/p>\n<\/div>\n<div class=\"el-ul\">\n<ul class=\"has-list-bullet\">\n<li dir=\"auto\" data-line=\"0\"><strong>Talleres pr\u00e1cticos de habilidades:<\/strong>\u00a0Construcci\u00f3n de refugios (vivac), manejo seguro del fuego (con y sin cerillas), obtenci\u00f3n y potabilizaci\u00f3n de agua, nudos y amarres, alimentaci\u00f3n en la naturaleza y primeros auxilios b\u00e1sicos.<\/li>\n<li dir=\"auto\" data-line=\"2\"><strong>Experiencia inmersiva:<\/strong>\u00a0Ruta nocturna, orientaci\u00f3n por indicios y estrellas, y pernocta en el bosque (vivac) o en refugios improvisados por vosotros mismos.<\/li>\n<li dir=\"auto\" data-line=\"4\"><strong>Pensi\u00f3n completa y materiales:<\/strong>\u00a0Incluye todas las comidas (que cocinar\u00e9is con t\u00e9cnicas de supervivencia), documentaci\u00f3n y un\u00a0<strong>Kit b\u00e1sico de regalo<\/strong>\u00a0(chisquero, cuerdas, manta t\u00e9rmica, etc.).<\/li>\n<\/ul>\n<\/div>\n<div class=\"el-p\">\n<p dir=\"auto\"><strong>El curso est\u00e1 dise\u00f1ado para todos los p\u00fablicos:<\/strong><\/p>\n<\/div>\n<div class=\"el-p\">\n<p dir=\"auto\">No es necesaria experiencia previa ni una forma f\u00edsica excepcional, solo ganas de aprender y respetar el entorno. La dificultad es media (3\/5).<\/p>\n<\/div>\n<div class=\"el-p\">\n<p dir=\"auto\"><strong>Opciones de Alojamiento:<\/strong><\/p>\n<\/div>\n<div class=\"el-p\">\n<p dir=\"auto\">La experiencia aut\u00e9ntica incluye dormir en el refugio que t\u00fa mismo construyas o haciendo vivac bajo las estrellas. No obstante, si prefieres m\u00e1s comodidad, existe la opci\u00f3n de dormir cerca en una caba\u00f1a en los \u00e1rboles o ecolodge (consultar suplemento).<\/p>\n<\/div>\n<div class=\"el-p\">\n<p dir=\"auto\"><strong>Material necesario:<\/strong><\/p>\n<\/div>\n<div class=\"el-p\">\n<p dir=\"auto\">Deber\u00e1s traer tu equipo personal b\u00e1sico: saco de dormir, aislante, mochila, ropa adecuada para la monta\u00f1a, navaja, linterna frontal, cantimplora y taza met\u00e1lica. Nosotros ponemos el resto.<\/p>\n<\/div>\n<div class=\"el-p\">\n<p dir=\"auto\">No dudes en buscar nuestras referencias en Internet, contamos con instructores expertos (como Jaime Roset &#8220;Akela&#8221;) y llevamos a\u00f1os organizando actividades de aventura con total seguridad.<\/p>\n<\/div>\n<div class=\"el-p\">\n<p dir=\"auto\"><strong>Estamos encantados de ense\u00f1arte a vivir y sobrevivir en la naturaleza.<\/strong><\/p>\n<\/div>\n<div class=\"el-p\">\n<p dir=\"auto\">Recuerda, si compras esta experiencia como regalo o reserva, tienes flexibilidad para gestionar la fecha seg\u00fan nuestras condiciones de anulaci\u00f3n y cambio (validez de inscripci\u00f3n por 1 a\u00f1o en caso de aviso previo).<\/p>\n<\/div>\n<div class=\"el-p\">\n<p dir=\"auto\">Con este curso aciertas de lleno. Est\u00e1s invirtiendo en\u00a0<strong>seguridad, diversi\u00f3n y paz interior<\/strong>, una experiencia \u00fanica e inolvidable que cambiar\u00e1 tu forma de ver el mundo.<\/p>\n<\/div>\n<div class=\"el-p\">\n<p dir=\"auto\"><strong>Equipo de Terranatur.<\/strong><\/p>\n<\/div>\n<div class=\"el-p\">\n<p dir=\"auto\">\u00bfNo est\u00e1s a\u00fan convencido? Mira lo que se dice de nosotros y nuestras actividades.<\/p>\n<p dir=\"auto\"><strong><a href=\"https:\/\/terranatur.es\/web\/escuela-de-supervivencia-cursos\/\" target=\"_blank\" rel=\"noopener\">M\u00e1s detalles en la p\u00e1gina del curso.\u00a0<\/a><\/strong><\/p>\n<\/div>\n","protected":false},"excerpt":{"rendered":"<p><strong>Tarjeta regalo personalizable<\/strong> de un <strong>Curso B\u00e1sico de Supervivencia<\/strong>. Si pones un email en el campo del destinatario, lo recibir\u00e1 directamente el PDF, si no rellenas el campo, lo recibir\u00e1s tu mismo para que lo puedas imprimir.<\/p>\n<p>V\u00e1lida dentro de la misma temporada (Consulta posible aplazamiento).<\/p>\n<p>Vive una experiencia inmersiva de fin de semana en la Sierra de Guadarrama con este <strong>Curso B\u00e1sico de Supervivencia<\/strong> dise\u00f1ado para ense\u00f1arte a desenvolverte en el medio natural con seguridad y calma, sin necesidad de experiencia previa.<\/p>\n","protected":false},"featured_media":15667,"comment_status":"closed","ping_status":"closed","template":"","meta":[],"product_brand":[],"product_cat":[204],"product_tag":[490,487,489,103,485,488,486,484,151],"class_list":{"0":"post-15666","1":"product","2":"type-product","3":"status-publish","4":"has-post-thumbnail","6":"product_cat-tarjetas-regalo-personalizables","7":"product_tag-bushcraft","8":"product_tag-cabuyeria","9":"product_tag-construcciones","10":"product_tag-curso","11":"product_tag-fuego","12":"product_tag-nudos","13":"product_tag-pionerismo","14":"product_tag-supervivencia","15":"product_tag-terranatur","17":"first","18":"instock","19":"virtual","20":"taxable","21":"purchasable","22":"product-type-simple"},"_links":{"self":[{"href":"https:\/\/terranatur.es\/web\/wp-json\/wp\/v2\/product\/15666","targetHints":{"allow":["GET"]}}],"collection":[{"href":"https:\/\/terranatur.es\/web\/wp-json\/wp\/v2\/product"}],"about":[{"href":"https:\/\/terranatur.es\/web\/wp-json\/wp\/v2\/types\/product"}],"replies":[{"embeddable":true,"href":"https:\/\/terranatur.es\/web\/wp-json\/wp\/v2\/comments?post=15666"}],"wp:featuredmedia":[{"embeddable":true,"href":"https:\/\/terranatur.es\/web\/wp-json\/wp\/v2\/media\/15667"}],"wp:attachment":[{"href":"https:\/\/terranatur.es\/web\/wp-json\/wp\/v2\/media?parent=15666"}],"wp:term":[{"taxonomy":"product_brand","embeddable":true,"href":"https:\/\/terranatur.es\/web\/wp-json\/wp\/v2\/product_brand?post=15666"},{"taxonomy":"product_cat","embeddable":true,"href":"https:\/\/terranatur.es\/web\/wp-json\/wp\/v2\/product_cat?post=15666"},{"taxonomy":"product_tag","embeddable":true,"href":"https:\/\/terranatur.es\/web\/wp-json\/wp\/v2\/product_tag?post=15666"}],"curies":[{"name":"wp","href":"https:\/\/api.w.org\/{rel}","templated":true}]}}