{"id":2742,"date":"2020-06-15T18:54:19","date_gmt":"2020-06-15T16:54:19","guid":{"rendered":"https:\/\/terranatur.es\/web\/?post_type=product&#038;p=2742"},"modified":"2025-11-12T20:04:54","modified_gmt":"2025-11-12T19:04:54","slug":"ticket-ruta-botanica-escorial-silla-felipe-ii","status":"publish","type":"product","link":"https:\/\/terranatur.es\/web\/comprar\/ticket-ruta-botanica-escorial-silla-felipe-ii\/","title":{"rendered":"Ticket Ruta Bot\u00e1nica El Escorial &#8211; Silla de Felipe II"},"content":{"rendered":"<p>La compra de este t\u00edcket te da derecho a participar durante un a\u00f1o desde su adquisici\u00f3n en la Ruta Bot\u00e1nica Silla de Felipe II.<\/p>\n<p><a href=\"https:\/\/terranatur.es\/web\/ruta-botanica-escorial-silla-felipe-ii\/\"><strong>Aqu\u00ed puedes ver la p\u00e1gina<\/strong><\/a> con la informaci\u00f3n completa sobre esta actividad.<\/p>\n<p>Hasta dos ni\u00f1os menores de 12 a\u00f1os por cada adulto. Muchas gracias por tu adquisici\u00f3n.<\/p>\n","protected":false},"excerpt":{"rendered":"<p>Ticket Adulto &#8211; Ruta Bot\u00e1nica Silla de Felipe II<\/p>\n","protected":false},"featured_media":2745,"comment_status":"closed","ping_status":"closed","template":"","meta":[],"product_brand":[],"product_cat":[86],"product_tag":[87,90,88,91,89],"class_list":{"0":"post-2742","1":"product","2":"type-product","3":"status-publish","4":"has-post-thumbnail","6":"product_cat-botanica-viva","7":"product_tag-botanica","8":"product_tag-naturaleza","9":"product_tag-paseos-botanicos","10":"product_tag-senda-botanica","11":"product_tag-senderismo","13":"first","14":"instock","15":"taxable","16":"shipping-taxable","17":"purchasable","18":"product-type-variable"},"_links":{"self":[{"href":"https:\/\/terranatur.es\/web\/wp-json\/wp\/v2\/product\/2742","targetHints":{"allow":["GET"]}}],"collection":[{"href":"https:\/\/terranatur.es\/web\/wp-json\/wp\/v2\/product"}],"about":[{"href":"https:\/\/terranatur.es\/web\/wp-json\/wp\/v2\/types\/product"}],"replies":[{"embeddable":true,"href":"https:\/\/terranatur.es\/web\/wp-json\/wp\/v2\/comments?post=2742"}],"wp:featuredmedia":[{"embeddable":true,"href":"https:\/\/terranatur.es\/web\/wp-json\/wp\/v2\/media\/2745"}],"wp:attachment":[{"href":"https:\/\/terranatur.es\/web\/wp-json\/wp\/v2\/media?parent=2742"}],"wp:term":[{"taxonomy":"product_brand","embeddable":true,"href":"https:\/\/terranatur.es\/web\/wp-json\/wp\/v2\/product_brand?post=2742"},{"taxonomy":"product_cat","embeddable":true,"href":"https:\/\/terranatur.es\/web\/wp-json\/wp\/v2\/product_cat?post=2742"},{"taxonomy":"product_tag","embeddable":true,"href":"https:\/\/terranatur.es\/web\/wp-json\/wp\/v2\/product_tag?post=2742"}],"curies":[{"name":"wp","href":"https:\/\/api.w.org\/{rel}","templated":true}]}}