{"id":2799,"date":"2020-06-16T23:40:11","date_gmt":"2020-06-16T21:40:11","guid":{"rendered":"https:\/\/terranatur.es\/web\/?post_type=product&#038;p=2799"},"modified":"2026-02-26T11:35:42","modified_gmt":"2026-02-26T10:35:42","slug":"reserva-viaje-cantabria-4x4-mar-montana","status":"publish","type":"product","link":"https:\/\/terranatur.es\/web\/comprar\/reserva-viaje-cantabria-4x4-mar-montana\/","title":{"rendered":"Reserva (se\u00f1al) Cantabria 4&#215;4 mar y monta\u00f1a"},"content":{"rendered":"<p>La compra de este t\u00edcket, permite reservar plaza para participar en Cantabria 4X4 Mar y Monta\u00f1a. Es suficiente una reserva por unidad familiar o pareja.<\/p>\n<p><a href=\"https:\/\/terranatur.es\/web\/cantabria4x4-verano\/\"><strong>Aqu\u00ed puedes ver la p\u00e1gina<\/strong><\/a> con la informaci\u00f3n completa sobre esta actividad.<\/p>\n<p>En el proceso de compra te pediremos informaci\u00f3n sobre quien viene contigo, si traes ni\u00f1os y sus edades, y el veh\u00edculo que llevar\u00e1s. D\u00edas antes debe realizarse el pago restante por transferencia bancaria.<\/p>\n<p>Consulta posible pago parcial en met\u00e1lico al llegar.<\/p>\n<p>Muchas gracias por tu reserva.<\/p>\n<p>Estamos deseando verte en persona.<\/p>\n","protected":false},"excerpt":{"rendered":"<p>Ticket Reserva (se\u00f1al) para participar en Cantabria 4&#215;4 Mar y Monta\u00f1a.<\/p>\n","protected":false},"featured_media":15264,"comment_status":"closed","ping_status":"closed","template":"","meta":[],"product_brand":[],"product_cat":[211],"product_tag":[107,94,90,108,93,97],"class_list":{"0":"post-2799","1":"product","2":"type-product","3":"status-publish","4":"has-post-thumbnail","6":"product_cat-fines-de-semana-4x4","7":"product_tag-cantabria","8":"product_tag-fin-de-semana-4x4","9":"product_tag-naturaleza","10":"product_tag-picos-de-europa","11":"product_tag-ruta-4x4","12":"product_tag-todoterreno","14":"first","15":"instock","16":"virtual","17":"taxable","18":"purchasable","19":"product-type-simple"},"_links":{"self":[{"href":"https:\/\/terranatur.es\/web\/wp-json\/wp\/v2\/product\/2799","targetHints":{"allow":["GET"]}}],"collection":[{"href":"https:\/\/terranatur.es\/web\/wp-json\/wp\/v2\/product"}],"about":[{"href":"https:\/\/terranatur.es\/web\/wp-json\/wp\/v2\/types\/product"}],"replies":[{"embeddable":true,"href":"https:\/\/terranatur.es\/web\/wp-json\/wp\/v2\/comments?post=2799"}],"wp:featuredmedia":[{"embeddable":true,"href":"https:\/\/terranatur.es\/web\/wp-json\/wp\/v2\/media\/15264"}],"wp:attachment":[{"href":"https:\/\/terranatur.es\/web\/wp-json\/wp\/v2\/media?parent=2799"}],"wp:term":[{"taxonomy":"product_brand","embeddable":true,"href":"https:\/\/terranatur.es\/web\/wp-json\/wp\/v2\/product_brand?post=2799"},{"taxonomy":"product_cat","embeddable":true,"href":"https:\/\/terranatur.es\/web\/wp-json\/wp\/v2\/product_cat?post=2799"},{"taxonomy":"product_tag","embeddable":true,"href":"https:\/\/terranatur.es\/web\/wp-json\/wp\/v2\/product_tag?post=2799"}],"curies":[{"name":"wp","href":"https:\/\/api.w.org\/{rel}","templated":true}]}}