{"id":2801,"date":"2020-06-16T23:48:33","date_gmt":"2020-06-16T21:48:33","guid":{"rendered":"https:\/\/terranatur.es\/web\/?post_type=product&#038;p=2801"},"modified":"2026-02-26T12:26:30","modified_gmt":"2026-02-26T11:26:30","slug":"ticket-reserva-pirineos-natural","status":"publish","type":"product","link":"https:\/\/terranatur.es\/web\/comprar\/ticket-reserva-pirineos-natural\/","title":{"rendered":"Reserva Pirineos al Natural 4&#215;4"},"content":{"rendered":"<p>La compra de este ticket, permite reservar plaza mediante un pago a cuenta para participar en Pirineos al Natural. Es suficiente una reserva por unidad familiar o pareja.<\/p>\n<p><a href=\"https:\/\/terranatur.es\/web\/pirineos-al-natural-4x4\/\"><strong>Aqu\u00ed puedes ver la p\u00e1gina<\/strong><\/a> con la informaci\u00f3n completa sobre esta actividad.<\/p>\n<p>En el proceso de compra te pediremos informaci\u00f3n sobre qui\u00e9n viene contigo, si traes ni\u00f1os y sus edades, y el veh\u00edculo que llevar\u00e1s, incluyendo el n\u00famero de matr\u00edcula. El resto de la actividad se abona por transferencia bancaria semanas antesRs. Gracias por tu adquisici\u00f3n.<\/p>\n","protected":false},"excerpt":{"rendered":"<p>Reserva (se\u00f1al) para participar en Pirineos al Natural 4&#215;4<\/p>\n","protected":false},"featured_media":15101,"comment_status":"closed","ping_status":"closed","template":"","meta":[],"product_brand":[],"product_cat":[99],"product_tag":[116,115,90,93,97,114],"class_list":{"0":"post-2801","1":"product","2":"type-product","3":"status-publish","4":"has-post-thumbnail","6":"product_cat-vacaciones-4x4","7":"product_tag-aigues-tortes","8":"product_tag-andorra","9":"product_tag-naturaleza","10":"product_tag-ruta-4x4","11":"product_tag-todoterreno","12":"product_tag-vacaciones-en-pirineos","14":"first","15":"instock","16":"virtual","17":"sold-individually","18":"taxable","19":"purchasable","20":"product-type-simple"},"_links":{"self":[{"href":"https:\/\/terranatur.es\/web\/wp-json\/wp\/v2\/product\/2801","targetHints":{"allow":["GET"]}}],"collection":[{"href":"https:\/\/terranatur.es\/web\/wp-json\/wp\/v2\/product"}],"about":[{"href":"https:\/\/terranatur.es\/web\/wp-json\/wp\/v2\/types\/product"}],"replies":[{"embeddable":true,"href":"https:\/\/terranatur.es\/web\/wp-json\/wp\/v2\/comments?post=2801"}],"wp:featuredmedia":[{"embeddable":true,"href":"https:\/\/terranatur.es\/web\/wp-json\/wp\/v2\/media\/15101"}],"wp:attachment":[{"href":"https:\/\/terranatur.es\/web\/wp-json\/wp\/v2\/media?parent=2801"}],"wp:term":[{"taxonomy":"product_brand","embeddable":true,"href":"https:\/\/terranatur.es\/web\/wp-json\/wp\/v2\/product_brand?post=2801"},{"taxonomy":"product_cat","embeddable":true,"href":"https:\/\/terranatur.es\/web\/wp-json\/wp\/v2\/product_cat?post=2801"},{"taxonomy":"product_tag","embeddable":true,"href":"https:\/\/terranatur.es\/web\/wp-json\/wp\/v2\/product_tag?post=2801"}],"curies":[{"name":"wp","href":"https:\/\/api.w.org\/{rel}","templated":true}]}}