{"id":4578,"date":"2020-12-29T00:08:33","date_gmt":"2020-12-28T23:08:33","guid":{"rendered":"https:\/\/terranatur.es\/web\/?post_type=product&#038;p=4578"},"modified":"2025-11-10T22:30:27","modified_gmt":"2025-11-10T21:30:27","slug":"tarjeta-regalo-curso-4x4-un-dia-2","status":"publish","type":"product","link":"https:\/\/terranatur.es\/web\/comprar\/tarjeta-regalo-curso-4x4-un-dia-2\/","title":{"rendered":"Tarjeta Regalo Curso 4&#215;4 &#8211; un d\u00eda"},"content":{"rendered":"<p>\u00bfOs hab\u00e9is comprado un 4&#215;4 o un todocamino?<\/p>\n<p>\u00bfConoces a alguien con uno?<\/p>\n<p>\u00bfTal vez te gustar\u00eda dar una sorpresa que le haga descubir un nuevo mundo, una gran afici\u00f3n para compartir contigo, con la familia, con amigos&#8230;?<\/p>\n<p>Sigue leyendo aunque no dispongas de 4&#215;4 propio. \ud83d\ude09<\/p>\n<p><strong>Desde esta p\u00e1gina puedes configurar una tarjeta regalo personalizada de un curso 4&#215;4 y entreg\u00e1rsela tu personalmente, o enviarla por email.<br \/>\n<\/strong><\/p>\n<p>Comprando este curso, est\u00e1s eligiendo formaci\u00f3n en <strong>seguridad<\/strong>, <strong>pilotaje<\/strong> y <strong>control del 4&#215;4<\/strong>, junto a una<strong> introducci\u00f3n a los viajes de aventura.\u00a0<\/strong><\/p>\n<p>\u00a1Es la mejor forma de comenzar en el <strong>apasionante mundo de los viajes en todoterreno<\/strong>!<\/p>\n<p>Adem\u00e1s de la tarjeta personalizada para imprimir, el interesado recibir\u00e1 d\u00edas antes de venir lo siguiente:<\/p>\n<ul>\n<li>Sencillos <strong>apuntes<\/strong> sobre conducci\u00f3n 4&#215;4.<\/li>\n<li><strong>Rut\u00f3metro<\/strong> para la ruta 4&#215;4 por la sierra de San Vicente. (Es una gu\u00eda visual para realizar de forma divertida la ruta&#8230;)<\/li>\n<li><strong>Normas<\/strong> e instrucciones para la actividad.<\/li>\n<\/ul>\n<p>La tarjeta es v\u00e1lida para realizar un curso dentro de cada temporada (de octubre a mayo), y se canjea simplemente contactando con nosotros e indicando el c\u00f3digo de la tarjeta al reservar alguna de las fechas diponibles (<a href=\"https:\/\/terranatur.es\/web\/cursos4x4\/\" target=\"_blank\" rel=\"noopener\">ver p\u00e1gina del curso<\/a>)<\/p>\n<p>Una vez que el alumno recibe la tarjeta regalo, debe ponerse en contacto con nosotros para hacer la reserva de la fecha que mejor le venga.<\/p>\n<p>Si no dispones de 4&#215;4 propio, podemos ayudarte a <strong>alquilar un todoterreno perfecto para aprender<\/strong>. En esta misma web puedes solicitar <a href=\"https:\/\/terranatur.es\/web\/alquiler-todoterrenos-4x4\/\">informaci\u00f3n sobre otros modelos<\/a> a precio de agencia Terranatur.<\/p>\n<p>El equipo de Terranatur<\/p>\n<p>Ps: \u00bfNo est\u00e1s a\u00fan convencido? <a href=\"https:\/\/es-es.facebook.com\/pg\/Terranatur\/reviews\/\" target=\"_blank\" rel=\"noopener\">Mira lo que se dice de nosotros y nuestras actividades.<\/a><\/p>\n","protected":false},"excerpt":{"rendered":"<p>Tarjeta regalo personalizable de un curso 4&#215;4.<\/p>\n","protected":false},"featured_media":4545,"comment_status":"closed","ping_status":"closed","template":"","meta":[],"product_brand":[],"product_cat":[204],"product_tag":[],"class_list":{"0":"post-4578","1":"product","2":"type-product","3":"status-publish","4":"has-post-thumbnail","6":"product_cat-tarjetas-regalo-personalizables","8":"first","9":"instock","10":"downloadable","11":"virtual","12":"taxable","13":"purchasable","14":"product-type-simple"},"_links":{"self":[{"href":"https:\/\/terranatur.es\/web\/wp-json\/wp\/v2\/product\/4578","targetHints":{"allow":["GET"]}}],"collection":[{"href":"https:\/\/terranatur.es\/web\/wp-json\/wp\/v2\/product"}],"about":[{"href":"https:\/\/terranatur.es\/web\/wp-json\/wp\/v2\/types\/product"}],"replies":[{"embeddable":true,"href":"https:\/\/terranatur.es\/web\/wp-json\/wp\/v2\/comments?post=4578"}],"wp:featuredmedia":[{"embeddable":true,"href":"https:\/\/terranatur.es\/web\/wp-json\/wp\/v2\/media\/4545"}],"wp:attachment":[{"href":"https:\/\/terranatur.es\/web\/wp-json\/wp\/v2\/media?parent=4578"}],"wp:term":[{"taxonomy":"product_brand","embeddable":true,"href":"https:\/\/terranatur.es\/web\/wp-json\/wp\/v2\/product_brand?post=4578"},{"taxonomy":"product_cat","embeddable":true,"href":"https:\/\/terranatur.es\/web\/wp-json\/wp\/v2\/product_cat?post=4578"},{"taxonomy":"product_tag","embeddable":true,"href":"https:\/\/terranatur.es\/web\/wp-json\/wp\/v2\/product_tag?post=4578"}],"curies":[{"name":"wp","href":"https:\/\/api.w.org\/{rel}","templated":true}]}}