{"id":4582,"date":"2020-12-26T21:50:11","date_gmt":"2020-12-26T20:50:11","guid":{"rendered":"https:\/\/terranatur.es\/web\/?post_type=product&#038;p=4582"},"modified":"2025-11-10T22:30:28","modified_gmt":"2025-11-10T21:30:28","slug":"tarjeta-regalo-curso-4x4-dos-dias","status":"publish","type":"product","link":"https:\/\/terranatur.es\/web\/comprar\/tarjeta-regalo-curso-4x4-dos-dias\/","title":{"rendered":"Tarjeta Regalo Curso 4&#215;4 + Ruta  (dos d\u00edas)"},"content":{"rendered":"<p>\u00bfOs hab\u00e9is comprado un <strong>4&#215;4<\/strong> o un <strong>todocamino (SUV)<\/strong>?<\/p>\n<p><strong>\u00bfConoces<\/strong> a alguien con uno?<\/p>\n<p>\u00bfQuieres dar <strong>una sorpresa muy muy especial<\/strong>?<\/p>\n<p>Est\u00e1s en el lugar correcto. \ud83d\ude09<\/p>\n<p>Sigue leyendo aunque no dispongas de 4&#215;4, tambi\u00e9n es un regalo apto.<\/p>\n<p><strong>Desde esta p\u00e1gina puedes configurar una tarjeta regalo personalizada de un curso 4&#215;4 y dos rutas (dos d\u00edas de actividad) para regalar a qui\u00e9n tu quieras.<\/strong> (Y disfrutarlo tambi\u00e9n t\u00fa&#8230;)<strong><br \/>\n<\/strong><\/p>\n<p>Est\u00e1s eligiendo formaci\u00f3n en <strong>seguridad<\/strong>, <strong>pilotaje<\/strong> y <strong>control del 4&#215;4<\/strong>, junto a<strong> introducci\u00f3n a los viajes de aventura.\u00a0<\/strong>Es la mejor forma de comenzar en el <strong>apasionante mundo del todoterreno<\/strong>.<\/p>\n<p>Adem\u00e1s de la tarjeta personalizada para imprimir, el interesado recibir\u00e1 d\u00edas antes de venir lo siguiente:<\/p>\n<ul>\n<li>Sencillos <strong>apuntes<\/strong> sobre conducci\u00f3n 4&#215;4.<\/li>\n<li><strong>Rut\u00f3metro<\/strong> para la ruta 4&#215;4 por la sierra de San Vicente. (Es una gu\u00eda visual para realizar de forma divertida la ruta&#8230;)<\/li>\n<li><strong>Normas<\/strong> e instrucciones para la actividad.<\/li>\n<li><strong>Waypoints<\/strong> de la ruta del domingo para seguir la ruta en tu m\u00f3vil.<\/li>\n<\/ul>\n<p>La tarjeta es v\u00e1lida para realizar un curso dentro de cada temporada (de octubre a mayo), y se canjea simplemente contactando con nosotros e indicando el c\u00f3digo de la tarjeta al reservar alguna de las fechas disponibles (<a href=\"https:\/\/terranatur.es\/web\/cursos4x4\/\" target=\"_blank\" rel=\"noopener\">ver p\u00e1gina del curso<\/a>)<\/p>\n<p>Una vez que el destinatario recibe la tarjeta regalo (bien por email o porque se la das en mano impresa), debe ponerse en contacto con nosotros para hacer la reserva de la fecha que mejor le venga.<\/p>\n<p>Si no dispones de 4&#215;4 propio, podemos ayudarte a <strong>alquilar un todoterreno perfecto para aprender<\/strong>. En esta misma web puedes solicitar <a href=\"https:\/\/terranatur.es\/web\/alquiler-todoterrenos-4x4\/\">informaci\u00f3n sobre otros modelos<\/a> a precio de agencia Terranatur.<\/p>\n<p>Se realizan cursos cada mes desde octubre hasta mayo. <a href=\"https:\/\/terranatur.es\/web\/cursos4x4\/\" target=\"_blank\" rel=\"noopener\">Consultar fechas disponibles<\/a><\/p>\n<p><strong>\u00a1Regala una sorpresa inolvidable y una introducci\u00f3n fant\u00e1stica a los viajes en todoterreno!<\/strong><\/p>\n<p data-wp-editing=\"1\"><img loading=\"lazy\" decoding=\"async\" class=\"alignnone wp-image-8112 size-large\" src=\"https:\/\/terranatur.es\/web\/wp-content\/uploads\/curso4x4-avanzado-2160-38-1024x678.jpg\" alt=\"\" width=\"1024\" height=\"678\" srcset=\"https:\/\/terranatur.es\/web\/wp-content\/uploads\/curso4x4-avanzado-2160-38-1024x678.jpg 1024w, https:\/\/terranatur.es\/web\/wp-content\/uploads\/curso4x4-avanzado-2160-38-300x199.jpg 300w, https:\/\/terranatur.es\/web\/wp-content\/uploads\/curso4x4-avanzado-2160-38-768x508.jpg 768w, https:\/\/terranatur.es\/web\/wp-content\/uploads\/curso4x4-avanzado-2160-38-1536x1017.jpg 1536w, https:\/\/terranatur.es\/web\/wp-content\/uploads\/curso4x4-avanzado-2160-38-2048x1356.jpg 2048w, https:\/\/terranatur.es\/web\/wp-content\/uploads\/curso4x4-avanzado-2160-38-600x397.jpg 600w, https:\/\/terranatur.es\/web\/wp-content\/uploads\/curso4x4-avanzado-2160-38-100x66.jpg 100w\" sizes=\"(max-width: 1024px) 100vw, 1024px\" \/><\/p>\n<p>Conocer\u00e1 a fondo las posibilidades de su veh\u00edculo, aprender\u00e1 a circular por pistas legales y le dar\u00e1 seguridad para no da\u00f1arlo en campo.<\/p>\n<p>Si tienes cualquier duda, contacta con nosotros.<\/p>\n<p>El equipo de Terrantur.<\/p>\n<p>Ps: \u00bfNo est\u00e1s a\u00fan convencido? <a href=\"https:\/\/es-es.facebook.com\/pg\/Terranatur\/reviews\/\" target=\"_blank\" rel=\"noopener\">Mira lo que se dice de nosotros y nuestras actividades.<\/a><\/p>\n","protected":false},"excerpt":{"rendered":"<p>Tarjeta regalo personalizable de un Curso 4&#215;4 (s\u00e1bado) + Ruta 4&#215;4 (domingo). Regala seguridad y una iniciaci\u00f3n al mundo del todoterreno y los viajes de aventura. V\u00e1lida dentro de la misma temporada (consuta posible aplazamiento).<\/p>\n","protected":false},"featured_media":4548,"comment_status":"closed","ping_status":"closed","template":"","meta":[],"product_brand":[],"product_cat":[204],"product_tag":[111,159,160,104,93,97],"class_list":{"0":"post-4582","1":"product","2":"type-product","3":"status-publish","4":"has-post-thumbnail","6":"product_cat-tarjetas-regalo-personalizables","7":"product_tag-4x4","8":"product_tag-curso-4x4","9":"product_tag-formacion","10":"product_tag-offroad","11":"product_tag-ruta-4x4","12":"product_tag-todoterreno","14":"first","15":"instock","16":"downloadable","17":"virtual","18":"taxable","19":"purchasable","20":"product-type-simple"},"_links":{"self":[{"href":"https:\/\/terranatur.es\/web\/wp-json\/wp\/v2\/product\/4582","targetHints":{"allow":["GET"]}}],"collection":[{"href":"https:\/\/terranatur.es\/web\/wp-json\/wp\/v2\/product"}],"about":[{"href":"https:\/\/terranatur.es\/web\/wp-json\/wp\/v2\/types\/product"}],"replies":[{"embeddable":true,"href":"https:\/\/terranatur.es\/web\/wp-json\/wp\/v2\/comments?post=4582"}],"wp:featuredmedia":[{"embeddable":true,"href":"https:\/\/terranatur.es\/web\/wp-json\/wp\/v2\/media\/4548"}],"wp:attachment":[{"href":"https:\/\/terranatur.es\/web\/wp-json\/wp\/v2\/media?parent=4582"}],"wp:term":[{"taxonomy":"product_brand","embeddable":true,"href":"https:\/\/terranatur.es\/web\/wp-json\/wp\/v2\/product_brand?post=4582"},{"taxonomy":"product_cat","embeddable":true,"href":"https:\/\/terranatur.es\/web\/wp-json\/wp\/v2\/product_cat?post=4582"},{"taxonomy":"product_tag","embeddable":true,"href":"https:\/\/terranatur.es\/web\/wp-json\/wp\/v2\/product_tag?post=4582"}],"curies":[{"name":"wp","href":"https:\/\/api.w.org\/{rel}","templated":true}]}}