{"id":8857,"date":"2022-09-21T14:15:14","date_gmt":"2022-09-21T12:15:14","guid":{"rendered":"https:\/\/terranatur.es\/web\/?post_type=product&#038;p=8857"},"modified":"2025-11-12T20:03:53","modified_gmt":"2025-11-12T19:03:53","slug":"reserva-picos-de-europa-4x4-fuentes-carrionas","status":"publish","type":"product","link":"https:\/\/terranatur.es\/web\/comprar\/reserva-picos-de-europa-4x4-fuentes-carrionas\/","title":{"rendered":"RESERVA PICOS DE EUROPA 4X4 &#038; FUENTES CARRIONAS"},"content":{"rendered":"<p>La compra de este ticket, permite reservar plaza para participar en la salida &#8220;Picos de Europa 4&#215;4 &amp; Fuentes Carrionas&#8221;.<\/p>\n<p>Es suficiente una \u00fanica reserva por unidad familiar o pareja.<\/p>\n<p><a href=\"https:\/\/terranatur.es\/web\/picos-de-europa-4x4-fuentes-carrionas\/\"><strong>A<\/strong><strong>qu\u00ed puedes ve<\/strong><strong>r<\/strong><\/a><a href=\"https:\/\/terranatur.es\/web\/picos-de-europa-4x4-fuentes-carrionas\/\"><strong> la p\u00e1gina con toda la informaci\u00f3n sobre este viaje<\/strong><\/a><\/p>\n<p>En el proceso de compra, por favor, incluye en el campo libre de informaci\u00f3n qui\u00e9n viene contigo, si traes ni\u00f1os y sus edades, y el veh\u00edculo que llevar\u00e1s. El resto del viaje se paga al llegar (en <strong>efectivo preferentemente)<\/strong>, o mediante transferencia antes del viaje.<\/p>\n<p>\u00a1Muchas gracias por tu reserva! Estamos deseando verte en persona.<\/p>\n","protected":false},"excerpt":{"rendered":"<p>La compra de este ticket, permite reservar plaza para participar en la salida &#8220;Picos de Europa 4&#215;4 &amp; Fuentes Carrionas&#8221;. Es suficiente una \u00fanica reserva por unidad familiar o pareja. Aqu\u00ed puedes ver la p\u00e1gina con toda la informaci\u00f3n sobre este viaje En el proceso de compra, por favor, incluye en el campo libre de [&hellip;]<\/p>\n","protected":false},"featured_media":6543,"comment_status":"open","ping_status":"closed","template":"","meta":[],"product_brand":[],"product_cat":[99],"product_tag":[111,105,310,107,287,363,307,156,181,291,108,143,362,97,311,309],"class_list":{"0":"post-8857","1":"product","2":"type-product","3":"status-publish","4":"has-post-thumbnail","6":"product_cat-vacaciones-4x4","7":"product_tag-4x4","8":"product_tag-aventura","9":"product_tag-brana-de-los-tejos","10":"product_tag-cantabria","11":"product_tag-fuentes-carrionas","12":"product_tag-las-tuerces","13":"product_tag-otono","14":"product_tag-paisajes","15":"product_tag-parque-natural","16":"product_tag-pena-amaya","17":"product_tag-picos-de-europa","18":"product_tag-rutas-4x4","19":"product_tag-santa-maria-de-mave","20":"product_tag-todoterreno","21":"product_tag-turismo-rural","22":"product_tag-valle-del-liebana","24":"first","25":"outofstock","26":"virtual","27":"sold-individually","28":"taxable","29":"purchasable","30":"product-type-simple"},"_links":{"self":[{"href":"https:\/\/terranatur.es\/web\/wp-json\/wp\/v2\/product\/8857","targetHints":{"allow":["GET"]}}],"collection":[{"href":"https:\/\/terranatur.es\/web\/wp-json\/wp\/v2\/product"}],"about":[{"href":"https:\/\/terranatur.es\/web\/wp-json\/wp\/v2\/types\/product"}],"replies":[{"embeddable":true,"href":"https:\/\/terranatur.es\/web\/wp-json\/wp\/v2\/comments?post=8857"}],"wp:featuredmedia":[{"embeddable":true,"href":"https:\/\/terranatur.es\/web\/wp-json\/wp\/v2\/media\/6543"}],"wp:attachment":[{"href":"https:\/\/terranatur.es\/web\/wp-json\/wp\/v2\/media?parent=8857"}],"wp:term":[{"taxonomy":"product_brand","embeddable":true,"href":"https:\/\/terranatur.es\/web\/wp-json\/wp\/v2\/product_brand?post=8857"},{"taxonomy":"product_cat","embeddable":true,"href":"https:\/\/terranatur.es\/web\/wp-json\/wp\/v2\/product_cat?post=8857"},{"taxonomy":"product_tag","embeddable":true,"href":"https:\/\/terranatur.es\/web\/wp-json\/wp\/v2\/product_tag?post=8857"}],"curies":[{"name":"wp","href":"https:\/\/api.w.org\/{rel}","templated":true}]}}