{"id":8928,"date":"2022-09-22T21:45:44","date_gmt":"2022-09-22T19:45:44","guid":{"rendered":"https:\/\/terranatur.es\/web\/?post_type=product&#038;p=8928"},"modified":"2025-11-12T20:04:52","modified_gmt":"2025-11-12T19:04:52","slug":"inscripcion-ruta-4x4-una-jornada","status":"publish","type":"product","link":"https:\/\/terranatur.es\/web\/comprar\/inscripcion-ruta-4x4-una-jornada\/","title":{"rendered":"INSCRIPCI\u00d3N RUTA 4X4 DE UNA JORNADA"},"content":{"rendered":"<p>Esta reserva te da derecho a participar en la <strong>Ruta 4&#215;4 de una jornada <\/strong>organizada por Terranatur que hayas elegido.<\/p>\n<p>El pago de esta salida es \u00fanico por veh\u00edculo independientemente de sus ocupantes y se realiza directamente al llegar. Sin embargo en esta p\u00e1gina haces la reserva de plaza.<\/p>\n<p>En el proceso te pediremos informaci\u00f3n sobre quien viene contigo, si traes ni\u00f1os y sus edades, y el veh\u00edculo que llevar\u00e1s.<\/p>\n<p>Muchas gracias por tu inscripci\u00f3n. Estamos encantados de contar con vosotros.<\/p>\n","protected":false},"excerpt":{"rendered":"<p>Reserva\u00a0 &#8211; Ruta 4&#215;4 de orientaci\u00f3n de las Navas del Marqu\u00e9s hasta la Reserva Natural del Valle de Iruelas. Elige la opci\u00f3n de pago en destino. Gracias.<\/p>\n","protected":false},"featured_media":8930,"comment_status":"closed","ping_status":"closed","template":"","meta":[],"product_brand":[],"product_cat":[85],"product_tag":[111,105,90,93,365,366,117,97,118],"class_list":{"0":"post-8928","1":"product","2":"type-product","3":"status-publish","4":"has-post-thumbnail","6":"product_cat-rutas4x4","7":"product_tag-4x4","8":"product_tag-aventura","9":"product_tag-naturaleza","10":"product_tag-ruta-4x4","11":"product_tag-rutas-4x4-de-un-dia","12":"product_tag-rutas-todoterreno-una-jornada","13":"product_tag-sierra-de-gredos","14":"product_tag-todoterreno","15":"product_tag-valle-del-tietar","17":"first","18":"instock","19":"sold-individually","20":"taxable","21":"shipping-taxable","22":"purchasable","23":"product-type-variable"},"_links":{"self":[{"href":"https:\/\/terranatur.es\/web\/wp-json\/wp\/v2\/product\/8928","targetHints":{"allow":["GET"]}}],"collection":[{"href":"https:\/\/terranatur.es\/web\/wp-json\/wp\/v2\/product"}],"about":[{"href":"https:\/\/terranatur.es\/web\/wp-json\/wp\/v2\/types\/product"}],"replies":[{"embeddable":true,"href":"https:\/\/terranatur.es\/web\/wp-json\/wp\/v2\/comments?post=8928"}],"wp:featuredmedia":[{"embeddable":true,"href":"https:\/\/terranatur.es\/web\/wp-json\/wp\/v2\/media\/8930"}],"wp:attachment":[{"href":"https:\/\/terranatur.es\/web\/wp-json\/wp\/v2\/media?parent=8928"}],"wp:term":[{"taxonomy":"product_brand","embeddable":true,"href":"https:\/\/terranatur.es\/web\/wp-json\/wp\/v2\/product_brand?post=8928"},{"taxonomy":"product_cat","embeddable":true,"href":"https:\/\/terranatur.es\/web\/wp-json\/wp\/v2\/product_cat?post=8928"},{"taxonomy":"product_tag","embeddable":true,"href":"https:\/\/terranatur.es\/web\/wp-json\/wp\/v2\/product_tag?post=8928"}],"curies":[{"name":"wp","href":"https:\/\/api.w.org\/{rel}","templated":true}]}}